{"id":4460,"date":"2021-06-10T15:40:09","date_gmt":"2021-06-10T13:40:09","guid":{"rendered":"https:\/\/simem.com\/branchen\/mining\/"},"modified":"2021-10-09T17:00:51","modified_gmt":"2021-10-09T15:00:51","slug":"bergbau","status":"publish","type":"page","link":"https:\/\/simem.com\/de\/branchen\/bergbau\/","title":{"rendered":"Bergbau"},"content":{"rendered":"\t\t<div data-elementor-type=\"wp-page\" data-elementor-id=\"4460\" class=\"elementor elementor-4460 elementor-93\">\n\t\t\t\t\t\t<section class=\"elementor-section elementor-top-section elementor-element elementor-element-24f84eef elementor-section-content-middle elementor-section-boxed elementor-section-height-default elementor-section-height-default\" data-id=\"24f84eef\" data-element_type=\"section\" data-e-type=\"section\">\n\t\t\t\t\t\t<div class=\"elementor-container elementor-column-gap-default\">\n\t\t\t\t\t<div class=\"elementor-column elementor-col-33 elementor-top-column elementor-element elementor-element-24f18879\" data-id=\"24f18879\" data-element_type=\"column\" data-e-type=\"column\" data-settings=\"{&quot;background_background&quot;:&quot;classic&quot;}\">\n\t\t\t<div class=\"elementor-widget-wrap elementor-element-populated\">\n\t\t\t\t\t\t<div class=\"elementor-element elementor-element-476bd9c3 elementor-widget elementor-widget-heading\" data-id=\"476bd9c3\" data-element_type=\"widget\" data-e-type=\"widget\" data-widget_type=\"heading.default\">\n\t\t\t\t<div class=\"elementor-widget-container\">\n\t\t\t\t\t<h2 class=\"elementor-heading-title elementor-size-default\">Integrierte L\u00f6sungen f\u00fcr die Zukunft der Betonindustrie<\/h2>\t\t\t\t<\/div>\n\t\t\t\t<\/div>\n\t\t\t\t\t<\/div>\n\t\t<\/div>\n\t\t\t\t<div class=\"elementor-column elementor-col-66 elementor-top-column elementor-element elementor-element-35c87d4f\" data-id=\"35c87d4f\" data-element_type=\"column\" data-e-type=\"column\">\n\t\t\t<div class=\"elementor-widget-wrap elementor-element-populated\">\n\t\t\t\t\t\t<div class=\"elementor-element elementor-element-63acec63 elementor-widget elementor-widget-heading\" data-id=\"63acec63\" data-element_type=\"widget\" data-e-type=\"widget\" data-widget_type=\"heading.default\">\n\t\t\t\t<div class=\"elementor-widget-container\">\n\t\t\t\t\t<h3 class=\"elementor-heading-title elementor-size-default\">BERGBAU<\/h3>\t\t\t\t<\/div>\n\t\t\t\t<\/div>\n\t\t\t\t<div class=\"elementor-element elementor-element-1db88d71 elementor-widget elementor-widget-text-editor\" data-id=\"1db88d71\" data-element_type=\"widget\" data-e-type=\"widget\" data-widget_type=\"text-editor.default\">\n\t\t\t\t<div class=\"elementor-widget-container\">\n\t\t\t\t\t\t\t\t\t<p>Die Expertise von SIMEM UNDERGROUND ist besonders bei engen Platzverh\u00e4ltnissen und knappen Terminpl\u00e4nen bemerkenswert. Zusammen mit der Erfahrung von SIMEM bei kundenspezifisch gefertigten Mischanlagen ist die SIMEM Familie in der Lage, L\u00f6sungen f\u00fcr jedes Bergbauprojekt vom ersten Konzept bis zur endg\u00fcltigen Inbetriebnahme anzubieten. <\/p>\t\t\t\t\t\t\t\t<\/div>\n\t\t\t\t<\/div>\n\t\t\t\t\t<\/div>\n\t\t<\/div>\n\t\t\t\t\t<\/div>\n\t\t<\/section>\n\t\t\t\t<\/div>\n\t\t","protected":false},"excerpt":{"rendered":"<p>Integrierte L\u00f6sungen f\u00fcr die Zukunft der Betonindustrie BERGBAU Die Expertise von SIMEM UNDERGROUND ist besonders bei engen Platzverh\u00e4ltnissen und knappen Terminpl\u00e4nen bemerkenswert. Zusammen mit der Erfahrung von SIMEM bei kundenspezifisch gefertigten Mischanlagen ist die SIMEM Familie in der Lage, L\u00f6sungen f\u00fcr jedes Bergbauprojekt vom ersten Konzept bis zur endg\u00fcltigen Inbetriebnahme anzubieten.<\/p>\n","protected":false},"author":1,"featured_media":4462,"parent":4101,"menu_order":70,"comment_status":"closed","ping_status":"closed","template":"page-templates\/page-industries_detail.php","meta":{"_acf_changed":false,"footnotes":""},"class_list":["post-4460","page","type-page","status-publish","has-post-thumbnail","hentry"],"acf":[],"yoast_head":"<!-- This site is optimized with the Yoast SEO plugin v27.1 - https:\/\/yoast.com\/product\/yoast-seo-wordpress\/ -->\n<title>Bergbau - Simem<\/title>\n<meta name=\"robots\" content=\"index, follow, max-snippet:-1, max-image-preview:large, max-video-preview:-1\" \/>\n<link rel=\"canonical\" href=\"https:\/\/simem.com\/de\/branchen\/bergbau\/\" \/>\n<meta property=\"og:locale\" content=\"de_DE\" \/>\n<meta property=\"og:type\" content=\"article\" \/>\n<meta property=\"og:title\" content=\"Bergbau - Simem\" \/>\n<meta property=\"og:description\" content=\"Integrierte L\u00f6sungen f\u00fcr die Zukunft der Betonindustrie BERGBAU Die Expertise von SIMEM UNDERGROUND ist besonders bei engen Platzverh\u00e4ltnissen und knappen Terminpl\u00e4nen bemerkenswert. Zusammen mit der Erfahrung von SIMEM bei kundenspezifisch gefertigten Mischanlagen ist die SIMEM Familie in der Lage, L\u00f6sungen f\u00fcr jedes Bergbauprojekt vom ersten Konzept bis zur endg\u00fcltigen Inbetriebnahme anzubieten.\" \/>\n<meta property=\"og:url\" content=\"https:\/\/simem.com\/de\/branchen\/bergbau\/\" \/>\n<meta property=\"og:site_name\" content=\"Simem\" \/>\n<meta property=\"article:publisher\" content=\"https:\/\/www.facebook.com\/simemgroup\" \/>\n<meta property=\"article:modified_time\" content=\"2021-10-09T15:00:51+00:00\" \/>\n<meta property=\"og:image\" content=\"https:\/\/simem.com\/wp-content\/uploads\/2021\/08\/Mining.jpg\" \/>\n\t<meta property=\"og:image:width\" content=\"1920\" \/>\n\t<meta property=\"og:image:height\" content=\"1080\" \/>\n\t<meta property=\"og:image:type\" content=\"image\/jpeg\" \/>\n<meta name=\"twitter:card\" content=\"summary_large_image\" \/>\n<script type=\"application\/ld+json\" class=\"yoast-schema-graph\">{\"@context\":\"https:\/\/schema.org\",\"@graph\":[{\"@type\":\"WebPage\",\"@id\":\"https:\/\/simem.com\/de\/branchen\/bergbau\/\",\"url\":\"https:\/\/simem.com\/de\/branchen\/bergbau\/\",\"name\":\"Bergbau - Simem\",\"isPartOf\":{\"@id\":\"https:\/\/simem.com\/it\/#website\"},\"primaryImageOfPage\":{\"@id\":\"https:\/\/simem.com\/de\/branchen\/bergbau\/#primaryimage\"},\"image\":{\"@id\":\"https:\/\/simem.com\/de\/branchen\/bergbau\/#primaryimage\"},\"thumbnailUrl\":\"https:\/\/simem.com\/wp-content\/uploads\/2021\/08\/Mining.jpg\",\"datePublished\":\"2021-06-10T13:40:09+00:00\",\"dateModified\":\"2021-10-09T15:00:51+00:00\",\"breadcrumb\":{\"@id\":\"https:\/\/simem.com\/de\/branchen\/bergbau\/#breadcrumb\"},\"inLanguage\":\"de\",\"potentialAction\":[{\"@type\":\"ReadAction\",\"target\":[\"https:\/\/simem.com\/de\/branchen\/bergbau\/\"]}]},{\"@type\":\"ImageObject\",\"inLanguage\":\"de\",\"@id\":\"https:\/\/simem.com\/de\/branchen\/bergbau\/#primaryimage\",\"url\":\"https:\/\/simem.com\/wp-content\/uploads\/2021\/08\/Mining.jpg\",\"contentUrl\":\"https:\/\/simem.com\/wp-content\/uploads\/2021\/08\/Mining.jpg\",\"width\":1920,\"height\":1080},{\"@type\":\"BreadcrumbList\",\"@id\":\"https:\/\/simem.com\/de\/branchen\/bergbau\/#breadcrumb\",\"itemListElement\":[{\"@type\":\"ListItem\",\"position\":1,\"name\":\"Home\",\"item\":\"https:\/\/simem.com\/de\/home-de\/\"},{\"@type\":\"ListItem\",\"position\":2,\"name\":\"Branchen\",\"item\":\"https:\/\/simem.com\/de\/branchen\/\"},{\"@type\":\"ListItem\",\"position\":3,\"name\":\"Bergbau\"}]},{\"@type\":\"WebSite\",\"@id\":\"https:\/\/simem.com\/it\/#website\",\"url\":\"https:\/\/simem.com\/it\/\",\"name\":\"Simem\",\"description\":\"Concrete future solutions\",\"publisher\":{\"@id\":\"https:\/\/simem.com\/it\/#organization\"},\"potentialAction\":[{\"@type\":\"SearchAction\",\"target\":{\"@type\":\"EntryPoint\",\"urlTemplate\":\"https:\/\/simem.com\/it\/?s={search_term_string}\"},\"query-input\":{\"@type\":\"PropertyValueSpecification\",\"valueRequired\":true,\"valueName\":\"search_term_string\"}}],\"inLanguage\":\"de\"},{\"@type\":\"Organization\",\"@id\":\"https:\/\/simem.com\/it\/#organization\",\"name\":\"Simem\",\"url\":\"https:\/\/simem.com\/it\/\",\"logo\":{\"@type\":\"ImageObject\",\"inLanguage\":\"de\",\"@id\":\"https:\/\/simem.com\/it\/#\/schema\/logo\/image\/\",\"url\":\"https:\/\/simem.com\/wp-content\/uploads\/2021\/06\/logo_aquila.png\",\"contentUrl\":\"https:\/\/simem.com\/wp-content\/uploads\/2021\/06\/logo_aquila.png\",\"width\":193,\"height\":172,\"caption\":\"Simem\"},\"image\":{\"@id\":\"https:\/\/simem.com\/it\/#\/schema\/logo\/image\/\"},\"sameAs\":[\"https:\/\/www.facebook.com\/simemgroup\",\"https:\/\/www.linkedin.com\/company\/simem-s-p-a-\/\",\"https:\/\/www.youtube.com\/user\/SimemSpa\"]}]}<\/script>\n<!-- \/ Yoast SEO plugin. -->","yoast_head_json":{"title":"Bergbau - Simem","robots":{"index":"index","follow":"follow","max-snippet":"max-snippet:-1","max-image-preview":"max-image-preview:large","max-video-preview":"max-video-preview:-1"},"canonical":"https:\/\/simem.com\/de\/branchen\/bergbau\/","og_locale":"de_DE","og_type":"article","og_title":"Bergbau - Simem","og_description":"Integrierte L\u00f6sungen f\u00fcr die Zukunft der Betonindustrie BERGBAU Die Expertise von SIMEM UNDERGROUND ist besonders bei engen Platzverh\u00e4ltnissen und knappen Terminpl\u00e4nen bemerkenswert. Zusammen mit der Erfahrung von SIMEM bei kundenspezifisch gefertigten Mischanlagen ist die SIMEM Familie in der Lage, L\u00f6sungen f\u00fcr jedes Bergbauprojekt vom ersten Konzept bis zur endg\u00fcltigen Inbetriebnahme anzubieten.","og_url":"https:\/\/simem.com\/de\/branchen\/bergbau\/","og_site_name":"Simem","article_publisher":"https:\/\/www.facebook.com\/simemgroup","article_modified_time":"2021-10-09T15:00:51+00:00","og_image":[{"width":1920,"height":1080,"url":"https:\/\/simem.com\/wp-content\/uploads\/2021\/08\/Mining.jpg","type":"image\/jpeg"}],"twitter_card":"summary_large_image","schema":{"@context":"https:\/\/schema.org","@graph":[{"@type":"WebPage","@id":"https:\/\/simem.com\/de\/branchen\/bergbau\/","url":"https:\/\/simem.com\/de\/branchen\/bergbau\/","name":"Bergbau - Simem","isPartOf":{"@id":"https:\/\/simem.com\/it\/#website"},"primaryImageOfPage":{"@id":"https:\/\/simem.com\/de\/branchen\/bergbau\/#primaryimage"},"image":{"@id":"https:\/\/simem.com\/de\/branchen\/bergbau\/#primaryimage"},"thumbnailUrl":"https:\/\/simem.com\/wp-content\/uploads\/2021\/08\/Mining.jpg","datePublished":"2021-06-10T13:40:09+00:00","dateModified":"2021-10-09T15:00:51+00:00","breadcrumb":{"@id":"https:\/\/simem.com\/de\/branchen\/bergbau\/#breadcrumb"},"inLanguage":"de","potentialAction":[{"@type":"ReadAction","target":["https:\/\/simem.com\/de\/branchen\/bergbau\/"]}]},{"@type":"ImageObject","inLanguage":"de","@id":"https:\/\/simem.com\/de\/branchen\/bergbau\/#primaryimage","url":"https:\/\/simem.com\/wp-content\/uploads\/2021\/08\/Mining.jpg","contentUrl":"https:\/\/simem.com\/wp-content\/uploads\/2021\/08\/Mining.jpg","width":1920,"height":1080},{"@type":"BreadcrumbList","@id":"https:\/\/simem.com\/de\/branchen\/bergbau\/#breadcrumb","itemListElement":[{"@type":"ListItem","position":1,"name":"Home","item":"https:\/\/simem.com\/de\/home-de\/"},{"@type":"ListItem","position":2,"name":"Branchen","item":"https:\/\/simem.com\/de\/branchen\/"},{"@type":"ListItem","position":3,"name":"Bergbau"}]},{"@type":"WebSite","@id":"https:\/\/simem.com\/it\/#website","url":"https:\/\/simem.com\/it\/","name":"Simem","description":"Concrete future solutions","publisher":{"@id":"https:\/\/simem.com\/it\/#organization"},"potentialAction":[{"@type":"SearchAction","target":{"@type":"EntryPoint","urlTemplate":"https:\/\/simem.com\/it\/?s={search_term_string}"},"query-input":{"@type":"PropertyValueSpecification","valueRequired":true,"valueName":"search_term_string"}}],"inLanguage":"de"},{"@type":"Organization","@id":"https:\/\/simem.com\/it\/#organization","name":"Simem","url":"https:\/\/simem.com\/it\/","logo":{"@type":"ImageObject","inLanguage":"de","@id":"https:\/\/simem.com\/it\/#\/schema\/logo\/image\/","url":"https:\/\/simem.com\/wp-content\/uploads\/2021\/06\/logo_aquila.png","contentUrl":"https:\/\/simem.com\/wp-content\/uploads\/2021\/06\/logo_aquila.png","width":193,"height":172,"caption":"Simem"},"image":{"@id":"https:\/\/simem.com\/it\/#\/schema\/logo\/image\/"},"sameAs":["https:\/\/www.facebook.com\/simemgroup","https:\/\/www.linkedin.com\/company\/simem-s-p-a-\/","https:\/\/www.youtube.com\/user\/SimemSpa"]}]}},"_links":{"self":[{"href":"https:\/\/simem.com\/de\/wp-json\/wp\/v2\/pages\/4460","targetHints":{"allow":["GET"]}}],"collection":[{"href":"https:\/\/simem.com\/de\/wp-json\/wp\/v2\/pages"}],"about":[{"href":"https:\/\/simem.com\/de\/wp-json\/wp\/v2\/types\/page"}],"author":[{"embeddable":true,"href":"https:\/\/simem.com\/de\/wp-json\/wp\/v2\/users\/1"}],"replies":[{"embeddable":true,"href":"https:\/\/simem.com\/de\/wp-json\/wp\/v2\/comments?post=4460"}],"version-history":[{"count":5,"href":"https:\/\/simem.com\/de\/wp-json\/wp\/v2\/pages\/4460\/revisions"}],"predecessor-version":[{"id":4534,"href":"https:\/\/simem.com\/de\/wp-json\/wp\/v2\/pages\/4460\/revisions\/4534"}],"up":[{"embeddable":true,"href":"https:\/\/simem.com\/de\/wp-json\/wp\/v2\/pages\/4101"}],"wp:featuredmedia":[{"embeddable":true,"href":"https:\/\/simem.com\/de\/wp-json\/wp\/v2\/media\/4462"}],"wp:attachment":[{"href":"https:\/\/simem.com\/de\/wp-json\/wp\/v2\/media?parent=4460"}],"curies":[{"name":"wp","href":"https:\/\/api.w.org\/{rel}","templated":true}]}}