{"id":4463,"date":"2021-06-10T15:39:04","date_gmt":"2021-06-10T13:39:04","guid":{"rendered":"https:\/\/simem.com\/branchen\/industrial-waste-treatment\/"},"modified":"2021-11-21T17:34:06","modified_gmt":"2021-11-21T16:34:06","slug":"abfallbehandlung","status":"publish","type":"page","link":"https:\/\/simem.com\/de\/branchen\/abfallbehandlung\/","title":{"rendered":"Abfallbehandlung"},"content":{"rendered":"\t\t<div data-elementor-type=\"wp-page\" data-elementor-id=\"4463\" class=\"elementor elementor-4463 elementor-89\">\n\t\t\t\t\t\t<section class=\"elementor-section elementor-top-section elementor-element elementor-element-1c9a1f85 elementor-section-content-middle elementor-section-boxed elementor-section-height-default elementor-section-height-default\" data-id=\"1c9a1f85\" data-element_type=\"section\" data-e-type=\"section\">\n\t\t\t\t\t\t<div class=\"elementor-container elementor-column-gap-default\">\n\t\t\t\t\t<div class=\"elementor-column elementor-col-33 elementor-top-column elementor-element elementor-element-4e6e42b1\" data-id=\"4e6e42b1\" data-element_type=\"column\" data-e-type=\"column\" data-settings=\"{&quot;background_background&quot;:&quot;classic&quot;}\">\n\t\t\t<div class=\"elementor-widget-wrap elementor-element-populated\">\n\t\t\t\t\t\t<div class=\"elementor-element elementor-element-591984f8 elementor-widget elementor-widget-heading\" data-id=\"591984f8\" data-element_type=\"widget\" data-e-type=\"widget\" data-widget_type=\"heading.default\">\n\t\t\t\t<div class=\"elementor-widget-container\">\n\t\t\t\t\t<h2 class=\"elementor-heading-title elementor-size-default\">Integrierte L\u00f6sungen f\u00fcr die Zukunft der Betonindustrie<\/h2>\t\t\t\t<\/div>\n\t\t\t\t<\/div>\n\t\t\t\t\t<\/div>\n\t\t<\/div>\n\t\t\t\t<div class=\"elementor-column elementor-col-66 elementor-top-column elementor-element elementor-element-156a2414\" data-id=\"156a2414\" data-element_type=\"column\" data-e-type=\"column\">\n\t\t\t<div class=\"elementor-widget-wrap elementor-element-populated\">\n\t\t\t\t\t\t<div class=\"elementor-element elementor-element-1f28f0a0 elementor-widget elementor-widget-heading\" data-id=\"1f28f0a0\" data-element_type=\"widget\" data-e-type=\"widget\" data-widget_type=\"heading.default\">\n\t\t\t\t<div class=\"elementor-widget-container\">\n\t\t\t\t\t<h3 class=\"elementor-heading-title elementor-size-default\">ABFALLBEHANDLUNG<\/h3>\t\t\t\t<\/div>\n\t\t\t\t<\/div>\n\t\t\t\t<div class=\"elementor-element elementor-element-3fc8fb95 elementor-widget elementor-widget-text-editor\" data-id=\"3fc8fb95\" data-element_type=\"widget\" data-e-type=\"widget\" data-widget_type=\"text-editor.default\">\n\t\t\t\t<div class=\"elementor-widget-container\">\n\t\t\t\t\t\t\t\t\t<p>Die Umwelt war schon immer ein Wert f\u00fcr SIMEM und seine Unternehmensfamilie. Aus diesem Grund arbeiten wir an der Umsetzung von L\u00f6sungen zur effizienteren Behandlung von Abf\u00e4llen und industriellen Nebenprodukten. Heutzutage ergeben sich Herausforderungen aus der Entwicklung industrieller Prozesse, die neue Abfallarten erzeugen, und der Notwendigkeit, gro\u00dfe Fl\u00e4chen, die durch Industrieaktivit\u00e4ten verschmutzt sind, zur\u00fcckzugewinnen. Dabei \u00e4ndern sich laufend die Vorschriften.<br \/>SIMEM realisiert die Behandlung von Industrieabf\u00e4llen und Nebenprodukten, um die Schadstoffgefahr zu verringern und neue Ressourcen zu schaffen.<\/p>\t\t\t\t\t\t\t\t<\/div>\n\t\t\t\t<\/div>\n\t\t\t\t\t<\/div>\n\t\t<\/div>\n\t\t\t\t\t<\/div>\n\t\t<\/section>\n\t\t\t\t<\/div>\n\t\t","protected":false},"excerpt":{"rendered":"<p>Integrierte L\u00f6sungen f\u00fcr die Zukunft der Betonindustrie ABFALLBEHANDLUNG Die Umwelt war schon immer ein Wert f\u00fcr SIMEM und seine Unternehmensfamilie. Aus diesem Grund arbeiten wir an der Umsetzung von L\u00f6sungen zur effizienteren Behandlung von Abf\u00e4llen und industriellen Nebenprodukten. Heutzutage ergeben sich Herausforderungen aus der Entwicklung industrieller Prozesse, die neue Abfallarten erzeugen, und der Notwendigkeit, gro\u00dfe [&hellip;]<\/p>\n","protected":false},"author":1,"featured_media":4465,"parent":4101,"menu_order":66,"comment_status":"closed","ping_status":"closed","template":"page-templates\/page-industries_detail.php","meta":{"_acf_changed":false,"footnotes":""},"class_list":["post-4463","page","type-page","status-publish","has-post-thumbnail","hentry"],"acf":[],"yoast_head":"<!-- This site is optimized with the Yoast SEO plugin v27.1 - https:\/\/yoast.com\/product\/yoast-seo-wordpress\/ -->\n<title>Abfallbehandlung - Simem<\/title>\n<meta name=\"robots\" content=\"index, follow, max-snippet:-1, max-image-preview:large, max-video-preview:-1\" \/>\n<link rel=\"canonical\" href=\"https:\/\/simem.com\/de\/branchen\/abfallbehandlung\/\" \/>\n<meta property=\"og:locale\" content=\"de_DE\" \/>\n<meta property=\"og:type\" content=\"article\" \/>\n<meta property=\"og:title\" content=\"Abfallbehandlung - Simem\" \/>\n<meta property=\"og:description\" content=\"Integrierte L\u00f6sungen f\u00fcr die Zukunft der Betonindustrie ABFALLBEHANDLUNG Die Umwelt war schon immer ein Wert f\u00fcr SIMEM und seine Unternehmensfamilie. Aus diesem Grund arbeiten wir an der Umsetzung von L\u00f6sungen zur effizienteren Behandlung von Abf\u00e4llen und industriellen Nebenprodukten. Heutzutage ergeben sich Herausforderungen aus der Entwicklung industrieller Prozesse, die neue Abfallarten erzeugen, und der Notwendigkeit, gro\u00dfe [&hellip;]\" \/>\n<meta property=\"og:url\" content=\"https:\/\/simem.com\/de\/branchen\/abfallbehandlung\/\" \/>\n<meta property=\"og:site_name\" content=\"Simem\" \/>\n<meta property=\"article:publisher\" content=\"https:\/\/www.facebook.com\/simemgroup\" \/>\n<meta property=\"article:modified_time\" content=\"2021-11-21T16:34:06+00:00\" \/>\n<meta property=\"og:image\" content=\"https:\/\/simem.com\/wp-content\/uploads\/2021\/08\/Industrial-waste-bbmix.jpg\" \/>\n\t<meta property=\"og:image:width\" content=\"1920\" \/>\n\t<meta property=\"og:image:height\" content=\"1080\" \/>\n\t<meta property=\"og:image:type\" content=\"image\/jpeg\" \/>\n<meta name=\"twitter:card\" content=\"summary_large_image\" \/>\n<script type=\"application\/ld+json\" class=\"yoast-schema-graph\">{\"@context\":\"https:\/\/schema.org\",\"@graph\":[{\"@type\":\"WebPage\",\"@id\":\"https:\/\/simem.com\/de\/branchen\/abfallbehandlung\/\",\"url\":\"https:\/\/simem.com\/de\/branchen\/abfallbehandlung\/\",\"name\":\"Abfallbehandlung - Simem\",\"isPartOf\":{\"@id\":\"https:\/\/simem.com\/it\/#website\"},\"primaryImageOfPage\":{\"@id\":\"https:\/\/simem.com\/de\/branchen\/abfallbehandlung\/#primaryimage\"},\"image\":{\"@id\":\"https:\/\/simem.com\/de\/branchen\/abfallbehandlung\/#primaryimage\"},\"thumbnailUrl\":\"https:\/\/simem.com\/wp-content\/uploads\/2021\/08\/Industrial-waste-bbmix.jpg\",\"datePublished\":\"2021-06-10T13:39:04+00:00\",\"dateModified\":\"2021-11-21T16:34:06+00:00\",\"breadcrumb\":{\"@id\":\"https:\/\/simem.com\/de\/branchen\/abfallbehandlung\/#breadcrumb\"},\"inLanguage\":\"de\",\"potentialAction\":[{\"@type\":\"ReadAction\",\"target\":[\"https:\/\/simem.com\/de\/branchen\/abfallbehandlung\/\"]}]},{\"@type\":\"ImageObject\",\"inLanguage\":\"de\",\"@id\":\"https:\/\/simem.com\/de\/branchen\/abfallbehandlung\/#primaryimage\",\"url\":\"https:\/\/simem.com\/wp-content\/uploads\/2021\/08\/Industrial-waste-bbmix.jpg\",\"contentUrl\":\"https:\/\/simem.com\/wp-content\/uploads\/2021\/08\/Industrial-waste-bbmix.jpg\",\"width\":1920,\"height\":1080},{\"@type\":\"BreadcrumbList\",\"@id\":\"https:\/\/simem.com\/de\/branchen\/abfallbehandlung\/#breadcrumb\",\"itemListElement\":[{\"@type\":\"ListItem\",\"position\":1,\"name\":\"Home\",\"item\":\"https:\/\/simem.com\/de\/home-de\/\"},{\"@type\":\"ListItem\",\"position\":2,\"name\":\"Branchen\",\"item\":\"https:\/\/simem.com\/de\/branchen\/\"},{\"@type\":\"ListItem\",\"position\":3,\"name\":\"Abfallbehandlung\"}]},{\"@type\":\"WebSite\",\"@id\":\"https:\/\/simem.com\/it\/#website\",\"url\":\"https:\/\/simem.com\/it\/\",\"name\":\"Simem\",\"description\":\"Concrete future solutions\",\"publisher\":{\"@id\":\"https:\/\/simem.com\/it\/#organization\"},\"potentialAction\":[{\"@type\":\"SearchAction\",\"target\":{\"@type\":\"EntryPoint\",\"urlTemplate\":\"https:\/\/simem.com\/it\/?s={search_term_string}\"},\"query-input\":{\"@type\":\"PropertyValueSpecification\",\"valueRequired\":true,\"valueName\":\"search_term_string\"}}],\"inLanguage\":\"de\"},{\"@type\":\"Organization\",\"@id\":\"https:\/\/simem.com\/it\/#organization\",\"name\":\"Simem\",\"url\":\"https:\/\/simem.com\/it\/\",\"logo\":{\"@type\":\"ImageObject\",\"inLanguage\":\"de\",\"@id\":\"https:\/\/simem.com\/it\/#\/schema\/logo\/image\/\",\"url\":\"https:\/\/simem.com\/wp-content\/uploads\/2021\/06\/logo_aquila.png\",\"contentUrl\":\"https:\/\/simem.com\/wp-content\/uploads\/2021\/06\/logo_aquila.png\",\"width\":193,\"height\":172,\"caption\":\"Simem\"},\"image\":{\"@id\":\"https:\/\/simem.com\/it\/#\/schema\/logo\/image\/\"},\"sameAs\":[\"https:\/\/www.facebook.com\/simemgroup\",\"https:\/\/www.linkedin.com\/company\/simem-s-p-a-\/\",\"https:\/\/www.youtube.com\/user\/SimemSpa\"]}]}<\/script>\n<!-- \/ Yoast SEO plugin. -->","yoast_head_json":{"title":"Abfallbehandlung - Simem","robots":{"index":"index","follow":"follow","max-snippet":"max-snippet:-1","max-image-preview":"max-image-preview:large","max-video-preview":"max-video-preview:-1"},"canonical":"https:\/\/simem.com\/de\/branchen\/abfallbehandlung\/","og_locale":"de_DE","og_type":"article","og_title":"Abfallbehandlung - Simem","og_description":"Integrierte L\u00f6sungen f\u00fcr die Zukunft der Betonindustrie ABFALLBEHANDLUNG Die Umwelt war schon immer ein Wert f\u00fcr SIMEM und seine Unternehmensfamilie. Aus diesem Grund arbeiten wir an der Umsetzung von L\u00f6sungen zur effizienteren Behandlung von Abf\u00e4llen und industriellen Nebenprodukten. Heutzutage ergeben sich Herausforderungen aus der Entwicklung industrieller Prozesse, die neue Abfallarten erzeugen, und der Notwendigkeit, gro\u00dfe [&hellip;]","og_url":"https:\/\/simem.com\/de\/branchen\/abfallbehandlung\/","og_site_name":"Simem","article_publisher":"https:\/\/www.facebook.com\/simemgroup","article_modified_time":"2021-11-21T16:34:06+00:00","og_image":[{"width":1920,"height":1080,"url":"https:\/\/simem.com\/wp-content\/uploads\/2021\/08\/Industrial-waste-bbmix.jpg","type":"image\/jpeg"}],"twitter_card":"summary_large_image","schema":{"@context":"https:\/\/schema.org","@graph":[{"@type":"WebPage","@id":"https:\/\/simem.com\/de\/branchen\/abfallbehandlung\/","url":"https:\/\/simem.com\/de\/branchen\/abfallbehandlung\/","name":"Abfallbehandlung - Simem","isPartOf":{"@id":"https:\/\/simem.com\/it\/#website"},"primaryImageOfPage":{"@id":"https:\/\/simem.com\/de\/branchen\/abfallbehandlung\/#primaryimage"},"image":{"@id":"https:\/\/simem.com\/de\/branchen\/abfallbehandlung\/#primaryimage"},"thumbnailUrl":"https:\/\/simem.com\/wp-content\/uploads\/2021\/08\/Industrial-waste-bbmix.jpg","datePublished":"2021-06-10T13:39:04+00:00","dateModified":"2021-11-21T16:34:06+00:00","breadcrumb":{"@id":"https:\/\/simem.com\/de\/branchen\/abfallbehandlung\/#breadcrumb"},"inLanguage":"de","potentialAction":[{"@type":"ReadAction","target":["https:\/\/simem.com\/de\/branchen\/abfallbehandlung\/"]}]},{"@type":"ImageObject","inLanguage":"de","@id":"https:\/\/simem.com\/de\/branchen\/abfallbehandlung\/#primaryimage","url":"https:\/\/simem.com\/wp-content\/uploads\/2021\/08\/Industrial-waste-bbmix.jpg","contentUrl":"https:\/\/simem.com\/wp-content\/uploads\/2021\/08\/Industrial-waste-bbmix.jpg","width":1920,"height":1080},{"@type":"BreadcrumbList","@id":"https:\/\/simem.com\/de\/branchen\/abfallbehandlung\/#breadcrumb","itemListElement":[{"@type":"ListItem","position":1,"name":"Home","item":"https:\/\/simem.com\/de\/home-de\/"},{"@type":"ListItem","position":2,"name":"Branchen","item":"https:\/\/simem.com\/de\/branchen\/"},{"@type":"ListItem","position":3,"name":"Abfallbehandlung"}]},{"@type":"WebSite","@id":"https:\/\/simem.com\/it\/#website","url":"https:\/\/simem.com\/it\/","name":"Simem","description":"Concrete future solutions","publisher":{"@id":"https:\/\/simem.com\/it\/#organization"},"potentialAction":[{"@type":"SearchAction","target":{"@type":"EntryPoint","urlTemplate":"https:\/\/simem.com\/it\/?s={search_term_string}"},"query-input":{"@type":"PropertyValueSpecification","valueRequired":true,"valueName":"search_term_string"}}],"inLanguage":"de"},{"@type":"Organization","@id":"https:\/\/simem.com\/it\/#organization","name":"Simem","url":"https:\/\/simem.com\/it\/","logo":{"@type":"ImageObject","inLanguage":"de","@id":"https:\/\/simem.com\/it\/#\/schema\/logo\/image\/","url":"https:\/\/simem.com\/wp-content\/uploads\/2021\/06\/logo_aquila.png","contentUrl":"https:\/\/simem.com\/wp-content\/uploads\/2021\/06\/logo_aquila.png","width":193,"height":172,"caption":"Simem"},"image":{"@id":"https:\/\/simem.com\/it\/#\/schema\/logo\/image\/"},"sameAs":["https:\/\/www.facebook.com\/simemgroup","https:\/\/www.linkedin.com\/company\/simem-s-p-a-\/","https:\/\/www.youtube.com\/user\/SimemSpa"]}]}},"_links":{"self":[{"href":"https:\/\/simem.com\/de\/wp-json\/wp\/v2\/pages\/4463","targetHints":{"allow":["GET"]}}],"collection":[{"href":"https:\/\/simem.com\/de\/wp-json\/wp\/v2\/pages"}],"about":[{"href":"https:\/\/simem.com\/de\/wp-json\/wp\/v2\/types\/page"}],"author":[{"embeddable":true,"href":"https:\/\/simem.com\/de\/wp-json\/wp\/v2\/users\/1"}],"replies":[{"embeddable":true,"href":"https:\/\/simem.com\/de\/wp-json\/wp\/v2\/comments?post=4463"}],"version-history":[{"count":8,"href":"https:\/\/simem.com\/de\/wp-json\/wp\/v2\/pages\/4463\/revisions"}],"predecessor-version":[{"id":5286,"href":"https:\/\/simem.com\/de\/wp-json\/wp\/v2\/pages\/4463\/revisions\/5286"}],"up":[{"embeddable":true,"href":"https:\/\/simem.com\/de\/wp-json\/wp\/v2\/pages\/4101"}],"wp:featuredmedia":[{"embeddable":true,"href":"https:\/\/simem.com\/de\/wp-json\/wp\/v2\/media\/4465"}],"wp:attachment":[{"href":"https:\/\/simem.com\/de\/wp-json\/wp\/v2\/media?parent=4463"}],"curies":[{"name":"wp","href":"https:\/\/api.w.org\/{rel}","templated":true}]}}