{"id":4466,"date":"2021-06-10T15:39:54","date_gmt":"2021-06-10T13:39:54","guid":{"rendered":"https:\/\/simem.com\/branchen\/tunneling\/"},"modified":"2021-11-21T17:32:39","modified_gmt":"2021-11-21T16:32:39","slug":"tunneling-de","status":"publish","type":"page","link":"https:\/\/simem.com\/de\/branchen\/tunneling-de\/","title":{"rendered":"Tunnelbau"},"content":{"rendered":"\t\t<div data-elementor-type=\"wp-page\" data-elementor-id=\"4466\" class=\"elementor elementor-4466 elementor-91\">\n\t\t\t\t\t\t<section class=\"elementor-section elementor-top-section elementor-element elementor-element-6f36397a elementor-section-content-middle elementor-section-boxed elementor-section-height-default elementor-section-height-default\" data-id=\"6f36397a\" data-element_type=\"section\" data-e-type=\"section\">\n\t\t\t\t\t\t<div class=\"elementor-container elementor-column-gap-default\">\n\t\t\t\t\t<div class=\"elementor-column elementor-col-33 elementor-top-column elementor-element elementor-element-4d6e07da\" data-id=\"4d6e07da\" data-element_type=\"column\" data-e-type=\"column\" data-settings=\"{&quot;background_background&quot;:&quot;classic&quot;}\">\n\t\t\t<div class=\"elementor-widget-wrap elementor-element-populated\">\n\t\t\t\t\t\t<div class=\"elementor-element elementor-element-7294dfc1 elementor-widget elementor-widget-heading\" data-id=\"7294dfc1\" data-element_type=\"widget\" data-e-type=\"widget\" data-widget_type=\"heading.default\">\n\t\t\t\t<div class=\"elementor-widget-container\">\n\t\t\t\t\t<h2 class=\"elementor-heading-title elementor-size-default\">Integrierte L\u00f6sungen f\u00fcr die Zukunft der Betonindustrie<\/h2>\t\t\t\t<\/div>\n\t\t\t\t<\/div>\n\t\t\t\t\t<\/div>\n\t\t<\/div>\n\t\t\t\t<div class=\"elementor-column elementor-col-66 elementor-top-column elementor-element elementor-element-590103a6\" data-id=\"590103a6\" data-element_type=\"column\" data-e-type=\"column\">\n\t\t\t<div class=\"elementor-widget-wrap elementor-element-populated\">\n\t\t\t\t\t\t<div class=\"elementor-element elementor-element-1f3985e6 elementor-widget elementor-widget-heading\" data-id=\"1f3985e6\" data-element_type=\"widget\" data-e-type=\"widget\" data-widget_type=\"heading.default\">\n\t\t\t\t<div class=\"elementor-widget-container\">\n\t\t\t\t\t<h3 class=\"elementor-heading-title elementor-size-default\">TUNNELBAU<\/h3>\t\t\t\t<\/div>\n\t\t\t\t<\/div>\n\t\t\t\t<div class=\"elementor-element elementor-element-39af5407 elementor-widget elementor-widget-text-editor\" data-id=\"39af5407\" data-element_type=\"widget\" data-e-type=\"widget\" data-widget_type=\"text-editor.default\">\n\t\t\t\t<div class=\"elementor-widget-container\">\n\t\t\t\t\t\t\t\t\t<p>Eine weitere erfolgreiche Synergie zwischen SIMEM und SIMEM UNDERGROUND erm\u00f6glicht es der SIMEM-Familie, integrierte L\u00f6sungen f\u00fcr Tunnelprojekte anzubieten. Hohe Qualit\u00e4t und volle Produktionskotrolle w\u00e4hrend des gesamten Prozesses von der Mischanlage \u00fcber das Karussellfertugungssystem bis zu den Verpressstationen. Unsere L\u00f6sungen umfassen vollautomatische, hochentwickelte Kolloidalmischer sowie Anlagen f\u00fcr Zweikomponentenm\u00f6rtel, Porenbeton und Bentonit, um eine exzellente Mischqualit\u00e4t mit reduziertem Arbeitsaufwand und messbaren Rohstoffeinsparungen zu bieten.<\/p>\t\t\t\t\t\t\t\t<\/div>\n\t\t\t\t<\/div>\n\t\t\t\t\t<\/div>\n\t\t<\/div>\n\t\t\t\t\t<\/div>\n\t\t<\/section>\n\t\t\t\t<\/div>\n\t\t","protected":false},"excerpt":{"rendered":"<p>Integrierte L\u00f6sungen f\u00fcr die Zukunft der Betonindustrie TUNNELBAU Eine weitere erfolgreiche Synergie zwischen SIMEM und SIMEM UNDERGROUND erm\u00f6glicht es der SIMEM-Familie, integrierte L\u00f6sungen f\u00fcr Tunnelprojekte anzubieten. Hohe Qualit\u00e4t und volle Produktionskotrolle w\u00e4hrend des gesamten Prozesses von der Mischanlage \u00fcber das Karussellfertugungssystem bis zu den Verpressstationen. Unsere L\u00f6sungen umfassen vollautomatische, hochentwickelte Kolloidalmischer sowie Anlagen f\u00fcr Zweikomponentenm\u00f6rtel, [&hellip;]<\/p>\n","protected":false},"author":1,"featured_media":4468,"parent":4101,"menu_order":62,"comment_status":"closed","ping_status":"closed","template":"page-templates\/page-industries_detail.php","meta":{"_acf_changed":false,"footnotes":""},"class_list":["post-4466","page","type-page","status-publish","has-post-thumbnail","hentry"],"acf":[],"yoast_head":"<!-- This site is optimized with the Yoast SEO plugin v27.1 - https:\/\/yoast.com\/product\/yoast-seo-wordpress\/ -->\n<title>Tunnelbau - Simem<\/title>\n<meta name=\"robots\" content=\"index, follow, max-snippet:-1, max-image-preview:large, max-video-preview:-1\" \/>\n<link rel=\"canonical\" href=\"https:\/\/simem.com\/de\/branchen\/tunneling-de\/\" \/>\n<meta property=\"og:locale\" content=\"de_DE\" \/>\n<meta property=\"og:type\" content=\"article\" \/>\n<meta property=\"og:title\" content=\"Tunnelbau - Simem\" \/>\n<meta property=\"og:description\" content=\"Integrierte L\u00f6sungen f\u00fcr die Zukunft der Betonindustrie TUNNELBAU Eine weitere erfolgreiche Synergie zwischen SIMEM und SIMEM UNDERGROUND erm\u00f6glicht es der SIMEM-Familie, integrierte L\u00f6sungen f\u00fcr Tunnelprojekte anzubieten. Hohe Qualit\u00e4t und volle Produktionskotrolle w\u00e4hrend des gesamten Prozesses von der Mischanlage \u00fcber das Karussellfertugungssystem bis zu den Verpressstationen. Unsere L\u00f6sungen umfassen vollautomatische, hochentwickelte Kolloidalmischer sowie Anlagen f\u00fcr Zweikomponentenm\u00f6rtel, [&hellip;]\" \/>\n<meta property=\"og:url\" content=\"https:\/\/simem.com\/de\/branchen\/tunneling-de\/\" \/>\n<meta property=\"og:site_name\" content=\"Simem\" \/>\n<meta property=\"article:publisher\" content=\"https:\/\/www.facebook.com\/simemgroup\" \/>\n<meta property=\"article:modified_time\" content=\"2021-11-21T16:32:39+00:00\" \/>\n<meta property=\"og:image\" content=\"https:\/\/simem.com\/wp-content\/uploads\/2021\/08\/Tunneling-Isolcell.jpg\" \/>\n\t<meta property=\"og:image:width\" content=\"1920\" \/>\n\t<meta property=\"og:image:height\" content=\"1080\" \/>\n\t<meta property=\"og:image:type\" content=\"image\/jpeg\" \/>\n<meta name=\"twitter:card\" content=\"summary_large_image\" \/>\n<script type=\"application\/ld+json\" class=\"yoast-schema-graph\">{\"@context\":\"https:\/\/schema.org\",\"@graph\":[{\"@type\":\"WebPage\",\"@id\":\"https:\/\/simem.com\/de\/branchen\/tunneling-de\/\",\"url\":\"https:\/\/simem.com\/de\/branchen\/tunneling-de\/\",\"name\":\"Tunnelbau - Simem\",\"isPartOf\":{\"@id\":\"https:\/\/simem.com\/it\/#website\"},\"primaryImageOfPage\":{\"@id\":\"https:\/\/simem.com\/de\/branchen\/tunneling-de\/#primaryimage\"},\"image\":{\"@id\":\"https:\/\/simem.com\/de\/branchen\/tunneling-de\/#primaryimage\"},\"thumbnailUrl\":\"https:\/\/simem.com\/wp-content\/uploads\/2021\/08\/Tunneling-Isolcell.jpg\",\"datePublished\":\"2021-06-10T13:39:54+00:00\",\"dateModified\":\"2021-11-21T16:32:39+00:00\",\"breadcrumb\":{\"@id\":\"https:\/\/simem.com\/de\/branchen\/tunneling-de\/#breadcrumb\"},\"inLanguage\":\"de\",\"potentialAction\":[{\"@type\":\"ReadAction\",\"target\":[\"https:\/\/simem.com\/de\/branchen\/tunneling-de\/\"]}]},{\"@type\":\"ImageObject\",\"inLanguage\":\"de\",\"@id\":\"https:\/\/simem.com\/de\/branchen\/tunneling-de\/#primaryimage\",\"url\":\"https:\/\/simem.com\/wp-content\/uploads\/2021\/08\/Tunneling-Isolcell.jpg\",\"contentUrl\":\"https:\/\/simem.com\/wp-content\/uploads\/2021\/08\/Tunneling-Isolcell.jpg\",\"width\":1920,\"height\":1080,\"caption\":\"simem integrated tunneling plant\"},{\"@type\":\"BreadcrumbList\",\"@id\":\"https:\/\/simem.com\/de\/branchen\/tunneling-de\/#breadcrumb\",\"itemListElement\":[{\"@type\":\"ListItem\",\"position\":1,\"name\":\"Home\",\"item\":\"https:\/\/simem.com\/de\/home-de\/\"},{\"@type\":\"ListItem\",\"position\":2,\"name\":\"Branchen\",\"item\":\"https:\/\/simem.com\/de\/branchen\/\"},{\"@type\":\"ListItem\",\"position\":3,\"name\":\"Tunnelbau\"}]},{\"@type\":\"WebSite\",\"@id\":\"https:\/\/simem.com\/it\/#website\",\"url\":\"https:\/\/simem.com\/it\/\",\"name\":\"Simem\",\"description\":\"Concrete future solutions\",\"publisher\":{\"@id\":\"https:\/\/simem.com\/it\/#organization\"},\"potentialAction\":[{\"@type\":\"SearchAction\",\"target\":{\"@type\":\"EntryPoint\",\"urlTemplate\":\"https:\/\/simem.com\/it\/?s={search_term_string}\"},\"query-input\":{\"@type\":\"PropertyValueSpecification\",\"valueRequired\":true,\"valueName\":\"search_term_string\"}}],\"inLanguage\":\"de\"},{\"@type\":\"Organization\",\"@id\":\"https:\/\/simem.com\/it\/#organization\",\"name\":\"Simem\",\"url\":\"https:\/\/simem.com\/it\/\",\"logo\":{\"@type\":\"ImageObject\",\"inLanguage\":\"de\",\"@id\":\"https:\/\/simem.com\/it\/#\/schema\/logo\/image\/\",\"url\":\"https:\/\/simem.com\/wp-content\/uploads\/2021\/06\/logo_aquila.png\",\"contentUrl\":\"https:\/\/simem.com\/wp-content\/uploads\/2021\/06\/logo_aquila.png\",\"width\":193,\"height\":172,\"caption\":\"Simem\"},\"image\":{\"@id\":\"https:\/\/simem.com\/it\/#\/schema\/logo\/image\/\"},\"sameAs\":[\"https:\/\/www.facebook.com\/simemgroup\",\"https:\/\/www.linkedin.com\/company\/simem-s-p-a-\/\",\"https:\/\/www.youtube.com\/user\/SimemSpa\"]}]}<\/script>\n<!-- \/ Yoast SEO plugin. -->","yoast_head_json":{"title":"Tunnelbau - Simem","robots":{"index":"index","follow":"follow","max-snippet":"max-snippet:-1","max-image-preview":"max-image-preview:large","max-video-preview":"max-video-preview:-1"},"canonical":"https:\/\/simem.com\/de\/branchen\/tunneling-de\/","og_locale":"de_DE","og_type":"article","og_title":"Tunnelbau - Simem","og_description":"Integrierte L\u00f6sungen f\u00fcr die Zukunft der Betonindustrie TUNNELBAU Eine weitere erfolgreiche Synergie zwischen SIMEM und SIMEM UNDERGROUND erm\u00f6glicht es der SIMEM-Familie, integrierte L\u00f6sungen f\u00fcr Tunnelprojekte anzubieten. Hohe Qualit\u00e4t und volle Produktionskotrolle w\u00e4hrend des gesamten Prozesses von der Mischanlage \u00fcber das Karussellfertugungssystem bis zu den Verpressstationen. Unsere L\u00f6sungen umfassen vollautomatische, hochentwickelte Kolloidalmischer sowie Anlagen f\u00fcr Zweikomponentenm\u00f6rtel, [&hellip;]","og_url":"https:\/\/simem.com\/de\/branchen\/tunneling-de\/","og_site_name":"Simem","article_publisher":"https:\/\/www.facebook.com\/simemgroup","article_modified_time":"2021-11-21T16:32:39+00:00","og_image":[{"width":1920,"height":1080,"url":"https:\/\/simem.com\/wp-content\/uploads\/2021\/08\/Tunneling-Isolcell.jpg","type":"image\/jpeg"}],"twitter_card":"summary_large_image","schema":{"@context":"https:\/\/schema.org","@graph":[{"@type":"WebPage","@id":"https:\/\/simem.com\/de\/branchen\/tunneling-de\/","url":"https:\/\/simem.com\/de\/branchen\/tunneling-de\/","name":"Tunnelbau - Simem","isPartOf":{"@id":"https:\/\/simem.com\/it\/#website"},"primaryImageOfPage":{"@id":"https:\/\/simem.com\/de\/branchen\/tunneling-de\/#primaryimage"},"image":{"@id":"https:\/\/simem.com\/de\/branchen\/tunneling-de\/#primaryimage"},"thumbnailUrl":"https:\/\/simem.com\/wp-content\/uploads\/2021\/08\/Tunneling-Isolcell.jpg","datePublished":"2021-06-10T13:39:54+00:00","dateModified":"2021-11-21T16:32:39+00:00","breadcrumb":{"@id":"https:\/\/simem.com\/de\/branchen\/tunneling-de\/#breadcrumb"},"inLanguage":"de","potentialAction":[{"@type":"ReadAction","target":["https:\/\/simem.com\/de\/branchen\/tunneling-de\/"]}]},{"@type":"ImageObject","inLanguage":"de","@id":"https:\/\/simem.com\/de\/branchen\/tunneling-de\/#primaryimage","url":"https:\/\/simem.com\/wp-content\/uploads\/2021\/08\/Tunneling-Isolcell.jpg","contentUrl":"https:\/\/simem.com\/wp-content\/uploads\/2021\/08\/Tunneling-Isolcell.jpg","width":1920,"height":1080,"caption":"simem integrated tunneling plant"},{"@type":"BreadcrumbList","@id":"https:\/\/simem.com\/de\/branchen\/tunneling-de\/#breadcrumb","itemListElement":[{"@type":"ListItem","position":1,"name":"Home","item":"https:\/\/simem.com\/de\/home-de\/"},{"@type":"ListItem","position":2,"name":"Branchen","item":"https:\/\/simem.com\/de\/branchen\/"},{"@type":"ListItem","position":3,"name":"Tunnelbau"}]},{"@type":"WebSite","@id":"https:\/\/simem.com\/it\/#website","url":"https:\/\/simem.com\/it\/","name":"Simem","description":"Concrete future solutions","publisher":{"@id":"https:\/\/simem.com\/it\/#organization"},"potentialAction":[{"@type":"SearchAction","target":{"@type":"EntryPoint","urlTemplate":"https:\/\/simem.com\/it\/?s={search_term_string}"},"query-input":{"@type":"PropertyValueSpecification","valueRequired":true,"valueName":"search_term_string"}}],"inLanguage":"de"},{"@type":"Organization","@id":"https:\/\/simem.com\/it\/#organization","name":"Simem","url":"https:\/\/simem.com\/it\/","logo":{"@type":"ImageObject","inLanguage":"de","@id":"https:\/\/simem.com\/it\/#\/schema\/logo\/image\/","url":"https:\/\/simem.com\/wp-content\/uploads\/2021\/06\/logo_aquila.png","contentUrl":"https:\/\/simem.com\/wp-content\/uploads\/2021\/06\/logo_aquila.png","width":193,"height":172,"caption":"Simem"},"image":{"@id":"https:\/\/simem.com\/it\/#\/schema\/logo\/image\/"},"sameAs":["https:\/\/www.facebook.com\/simemgroup","https:\/\/www.linkedin.com\/company\/simem-s-p-a-\/","https:\/\/www.youtube.com\/user\/SimemSpa"]}]}},"_links":{"self":[{"href":"https:\/\/simem.com\/de\/wp-json\/wp\/v2\/pages\/4466","targetHints":{"allow":["GET"]}}],"collection":[{"href":"https:\/\/simem.com\/de\/wp-json\/wp\/v2\/pages"}],"about":[{"href":"https:\/\/simem.com\/de\/wp-json\/wp\/v2\/types\/page"}],"author":[{"embeddable":true,"href":"https:\/\/simem.com\/de\/wp-json\/wp\/v2\/users\/1"}],"replies":[{"embeddable":true,"href":"https:\/\/simem.com\/de\/wp-json\/wp\/v2\/comments?post=4466"}],"version-history":[{"count":10,"href":"https:\/\/simem.com\/de\/wp-json\/wp\/v2\/pages\/4466\/revisions"}],"predecessor-version":[{"id":5704,"href":"https:\/\/simem.com\/de\/wp-json\/wp\/v2\/pages\/4466\/revisions\/5704"}],"up":[{"embeddable":true,"href":"https:\/\/simem.com\/de\/wp-json\/wp\/v2\/pages\/4101"}],"wp:featuredmedia":[{"embeddable":true,"href":"https:\/\/simem.com\/de\/wp-json\/wp\/v2\/media\/4468"}],"wp:attachment":[{"href":"https:\/\/simem.com\/de\/wp-json\/wp\/v2\/media?parent=4466"}],"curies":[{"name":"wp","href":"https:\/\/api.w.org\/{rel}","templated":true}]}}