{"id":4472,"date":"2021-06-10T15:38:26","date_gmt":"2021-06-10T13:38:26","guid":{"rendered":"https:\/\/simem.com\/branchen\/precast-concrete-production\/"},"modified":"2024-06-07T12:29:28","modified_gmt":"2024-06-07T10:29:28","slug":"betonfertigteile","status":"publish","type":"page","link":"https:\/\/simem.com\/de\/branchen\/betonfertigteile\/","title":{"rendered":"Betonfertigteile"},"content":{"rendered":"\t\t<div data-elementor-type=\"wp-page\" data-elementor-id=\"4472\" class=\"elementor elementor-4472 elementor-87\">\n\t\t\t\t\t\t<section class=\"elementor-section elementor-top-section elementor-element elementor-element-2b0dc84c elementor-section-content-middle elementor-section-boxed elementor-section-height-default elementor-section-height-default\" data-id=\"2b0dc84c\" data-element_type=\"section\" data-e-type=\"section\">\n\t\t\t\t\t\t<div class=\"elementor-container elementor-column-gap-default\">\n\t\t\t\t\t<div class=\"elementor-column elementor-col-33 elementor-top-column elementor-element elementor-element-40238167\" data-id=\"40238167\" data-element_type=\"column\" data-e-type=\"column\" data-settings=\"{&quot;background_background&quot;:&quot;classic&quot;}\">\n\t\t\t<div class=\"elementor-widget-wrap elementor-element-populated\">\n\t\t\t\t\t\t<div class=\"elementor-element elementor-element-94b6644 elementor-widget elementor-widget-heading\" data-id=\"94b6644\" data-element_type=\"widget\" data-e-type=\"widget\" data-widget_type=\"heading.default\">\n\t\t\t\t<div class=\"elementor-widget-container\">\n\t\t\t\t\t<h2 class=\"elementor-heading-title elementor-size-default\">Integrierte L\u00f6sungen f\u00fcr die Zukunft der Betonindustrie<\/h2>\t\t\t\t<\/div>\n\t\t\t\t<\/div>\n\t\t\t\t\t<\/div>\n\t\t<\/div>\n\t\t\t\t<div class=\"elementor-column elementor-col-66 elementor-top-column elementor-element elementor-element-38fc76e1\" data-id=\"38fc76e1\" data-element_type=\"column\" data-e-type=\"column\">\n\t\t\t<div class=\"elementor-widget-wrap elementor-element-populated\">\n\t\t\t\t\t\t<div class=\"elementor-element elementor-element-47a31ffa elementor-widget elementor-widget-heading\" data-id=\"47a31ffa\" data-element_type=\"widget\" data-e-type=\"widget\" data-widget_type=\"heading.default\">\n\t\t\t\t<div class=\"elementor-widget-container\">\n\t\t\t\t\t<h3 class=\"elementor-heading-title elementor-size-default\">BETONFERTIGTEILE<\/h3>\t\t\t\t<\/div>\n\t\t\t\t<\/div>\n\t\t\t\t<div class=\"elementor-element elementor-element-42868288 elementor-widget elementor-widget-text-editor\" data-id=\"42868288\" data-element_type=\"widget\" data-e-type=\"widget\" data-widget_type=\"text-editor.default\">\n\t\t\t\t<div class=\"elementor-widget-container\">\n\t\t\t\t\t\t\t\t\t<p>Die Synergie zwischen der Erfahrung von SIMEM im Bereich der Misch- und Dosiertechnik und dem Know-how von SIMEM SPIL in der Entwicklung und Lieferung von Betonverteilungs- und Fertigungsanlagen erm\u00f6glicht h\u00f6chste Qualit\u00e4t bei der Produktion von Betonbauelementen gem\u00e4\u00df den neuesten Entwicklungen im Bereich der Geb\u00e4udetechnik.<\/p>\t\t\t\t\t\t\t\t<\/div>\n\t\t\t\t<\/div>\n\t\t\t\t\t<\/div>\n\t\t<\/div>\n\t\t\t\t\t<\/div>\n\t\t<\/section>\n\t\t\t\t<\/div>\n\t\t","protected":false},"excerpt":{"rendered":"<p>Integrierte L\u00f6sungen f\u00fcr die Zukunft der Betonindustrie BETONFERTIGTEILE Die Synergie zwischen der Erfahrung von SIMEM im Bereich der Misch- und Dosiertechnik und dem Know-how von SIMEM SPIL in der Entwicklung und Lieferung von Betonverteilungs- und Fertigungsanlagen erm\u00f6glicht h\u00f6chste Qualit\u00e4t bei der Produktion von Betonbauelementen gem\u00e4\u00df den neuesten Entwicklungen im Bereich der Geb\u00e4udetechnik.<\/p>\n","protected":false},"author":1,"featured_media":10471,"parent":4101,"menu_order":52,"comment_status":"closed","ping_status":"closed","template":"","meta":{"_acf_changed":false,"footnotes":""},"class_list":["post-4472","page","type-page","status-publish","has-post-thumbnail","hentry"],"acf":[],"yoast_head":"<!-- This site is optimized with the Yoast SEO plugin v27.1 - https:\/\/yoast.com\/product\/yoast-seo-wordpress\/ -->\n<title>Betonfertigteile - Simem<\/title>\n<meta name=\"robots\" content=\"index, follow, max-snippet:-1, max-image-preview:large, max-video-preview:-1\" \/>\n<link rel=\"canonical\" href=\"https:\/\/simem.com\/de\/branchen\/betonfertigteile\/\" \/>\n<meta property=\"og:locale\" content=\"de_DE\" \/>\n<meta property=\"og:type\" content=\"article\" \/>\n<meta property=\"og:title\" content=\"Betonfertigteile - Simem\" \/>\n<meta property=\"og:description\" content=\"Integrierte L\u00f6sungen f\u00fcr die Zukunft der Betonindustrie BETONFERTIGTEILE Die Synergie zwischen der Erfahrung von SIMEM im Bereich der Misch- und Dosiertechnik und dem Know-how von SIMEM SPIL in der Entwicklung und Lieferung von Betonverteilungs- und Fertigungsanlagen erm\u00f6glicht h\u00f6chste Qualit\u00e4t bei der Produktion von Betonbauelementen gem\u00e4\u00df den neuesten Entwicklungen im Bereich der Geb\u00e4udetechnik.\" \/>\n<meta property=\"og:url\" content=\"https:\/\/simem.com\/de\/branchen\/betonfertigteile\/\" \/>\n<meta property=\"og:site_name\" content=\"Simem\" \/>\n<meta property=\"article:publisher\" content=\"https:\/\/www.facebook.com\/simemgroup\" \/>\n<meta property=\"article:modified_time\" content=\"2024-06-07T10:29:28+00:00\" \/>\n<meta property=\"og:image\" content=\"https:\/\/simem.com\/wp-content\/uploads\/2024\/06\/Simem_DE_Precast_Betonfertigteile.jpg\" \/>\n\t<meta property=\"og:image:width\" content=\"1920\" \/>\n\t<meta property=\"og:image:height\" content=\"1080\" \/>\n\t<meta property=\"og:image:type\" content=\"image\/jpeg\" \/>\n<meta name=\"twitter:card\" content=\"summary_large_image\" \/>\n<script type=\"application\/ld+json\" class=\"yoast-schema-graph\">{\"@context\":\"https:\/\/schema.org\",\"@graph\":[{\"@type\":\"WebPage\",\"@id\":\"https:\/\/simem.com\/de\/branchen\/betonfertigteile\/\",\"url\":\"https:\/\/simem.com\/de\/branchen\/betonfertigteile\/\",\"name\":\"Betonfertigteile - Simem\",\"isPartOf\":{\"@id\":\"https:\/\/simem.com\/it\/#website\"},\"primaryImageOfPage\":{\"@id\":\"https:\/\/simem.com\/de\/branchen\/betonfertigteile\/#primaryimage\"},\"image\":{\"@id\":\"https:\/\/simem.com\/de\/branchen\/betonfertigteile\/#primaryimage\"},\"thumbnailUrl\":\"https:\/\/simem.com\/wp-content\/uploads\/2024\/06\/Simem_DE_Precast_Betonfertigteile.jpg\",\"datePublished\":\"2021-06-10T13:38:26+00:00\",\"dateModified\":\"2024-06-07T10:29:28+00:00\",\"breadcrumb\":{\"@id\":\"https:\/\/simem.com\/de\/branchen\/betonfertigteile\/#breadcrumb\"},\"inLanguage\":\"de\",\"potentialAction\":[{\"@type\":\"ReadAction\",\"target\":[\"https:\/\/simem.com\/de\/branchen\/betonfertigteile\/\"]}]},{\"@type\":\"ImageObject\",\"inLanguage\":\"de\",\"@id\":\"https:\/\/simem.com\/de\/branchen\/betonfertigteile\/#primaryimage\",\"url\":\"https:\/\/simem.com\/wp-content\/uploads\/2024\/06\/Simem_DE_Precast_Betonfertigteile.jpg\",\"contentUrl\":\"https:\/\/simem.com\/wp-content\/uploads\/2024\/06\/Simem_DE_Precast_Betonfertigteile.jpg\",\"width\":1920,\"height\":1080},{\"@type\":\"BreadcrumbList\",\"@id\":\"https:\/\/simem.com\/de\/branchen\/betonfertigteile\/#breadcrumb\",\"itemListElement\":[{\"@type\":\"ListItem\",\"position\":1,\"name\":\"Home\",\"item\":\"https:\/\/simem.com\/de\/home-de\/\"},{\"@type\":\"ListItem\",\"position\":2,\"name\":\"Branchen\",\"item\":\"https:\/\/simem.com\/de\/branchen\/\"},{\"@type\":\"ListItem\",\"position\":3,\"name\":\"Betonfertigteile\"}]},{\"@type\":\"WebSite\",\"@id\":\"https:\/\/simem.com\/it\/#website\",\"url\":\"https:\/\/simem.com\/it\/\",\"name\":\"Simem\",\"description\":\"Concrete future solutions\",\"publisher\":{\"@id\":\"https:\/\/simem.com\/it\/#organization\"},\"potentialAction\":[{\"@type\":\"SearchAction\",\"target\":{\"@type\":\"EntryPoint\",\"urlTemplate\":\"https:\/\/simem.com\/it\/?s={search_term_string}\"},\"query-input\":{\"@type\":\"PropertyValueSpecification\",\"valueRequired\":true,\"valueName\":\"search_term_string\"}}],\"inLanguage\":\"de\"},{\"@type\":\"Organization\",\"@id\":\"https:\/\/simem.com\/it\/#organization\",\"name\":\"Simem\",\"url\":\"https:\/\/simem.com\/it\/\",\"logo\":{\"@type\":\"ImageObject\",\"inLanguage\":\"de\",\"@id\":\"https:\/\/simem.com\/it\/#\/schema\/logo\/image\/\",\"url\":\"https:\/\/simem.com\/wp-content\/uploads\/2021\/06\/logo_aquila.png\",\"contentUrl\":\"https:\/\/simem.com\/wp-content\/uploads\/2021\/06\/logo_aquila.png\",\"width\":193,\"height\":172,\"caption\":\"Simem\"},\"image\":{\"@id\":\"https:\/\/simem.com\/it\/#\/schema\/logo\/image\/\"},\"sameAs\":[\"https:\/\/www.facebook.com\/simemgroup\",\"https:\/\/www.linkedin.com\/company\/simem-s-p-a-\/\",\"https:\/\/www.youtube.com\/user\/SimemSpa\"]}]}<\/script>\n<!-- \/ Yoast SEO plugin. -->","yoast_head_json":{"title":"Betonfertigteile - Simem","robots":{"index":"index","follow":"follow","max-snippet":"max-snippet:-1","max-image-preview":"max-image-preview:large","max-video-preview":"max-video-preview:-1"},"canonical":"https:\/\/simem.com\/de\/branchen\/betonfertigteile\/","og_locale":"de_DE","og_type":"article","og_title":"Betonfertigteile - Simem","og_description":"Integrierte L\u00f6sungen f\u00fcr die Zukunft der Betonindustrie BETONFERTIGTEILE Die Synergie zwischen der Erfahrung von SIMEM im Bereich der Misch- und Dosiertechnik und dem Know-how von SIMEM SPIL in der Entwicklung und Lieferung von Betonverteilungs- und Fertigungsanlagen erm\u00f6glicht h\u00f6chste Qualit\u00e4t bei der Produktion von Betonbauelementen gem\u00e4\u00df den neuesten Entwicklungen im Bereich der Geb\u00e4udetechnik.","og_url":"https:\/\/simem.com\/de\/branchen\/betonfertigteile\/","og_site_name":"Simem","article_publisher":"https:\/\/www.facebook.com\/simemgroup","article_modified_time":"2024-06-07T10:29:28+00:00","og_image":[{"width":1920,"height":1080,"url":"https:\/\/simem.com\/wp-content\/uploads\/2024\/06\/Simem_DE_Precast_Betonfertigteile.jpg","type":"image\/jpeg"}],"twitter_card":"summary_large_image","schema":{"@context":"https:\/\/schema.org","@graph":[{"@type":"WebPage","@id":"https:\/\/simem.com\/de\/branchen\/betonfertigteile\/","url":"https:\/\/simem.com\/de\/branchen\/betonfertigteile\/","name":"Betonfertigteile - Simem","isPartOf":{"@id":"https:\/\/simem.com\/it\/#website"},"primaryImageOfPage":{"@id":"https:\/\/simem.com\/de\/branchen\/betonfertigteile\/#primaryimage"},"image":{"@id":"https:\/\/simem.com\/de\/branchen\/betonfertigteile\/#primaryimage"},"thumbnailUrl":"https:\/\/simem.com\/wp-content\/uploads\/2024\/06\/Simem_DE_Precast_Betonfertigteile.jpg","datePublished":"2021-06-10T13:38:26+00:00","dateModified":"2024-06-07T10:29:28+00:00","breadcrumb":{"@id":"https:\/\/simem.com\/de\/branchen\/betonfertigteile\/#breadcrumb"},"inLanguage":"de","potentialAction":[{"@type":"ReadAction","target":["https:\/\/simem.com\/de\/branchen\/betonfertigteile\/"]}]},{"@type":"ImageObject","inLanguage":"de","@id":"https:\/\/simem.com\/de\/branchen\/betonfertigteile\/#primaryimage","url":"https:\/\/simem.com\/wp-content\/uploads\/2024\/06\/Simem_DE_Precast_Betonfertigteile.jpg","contentUrl":"https:\/\/simem.com\/wp-content\/uploads\/2024\/06\/Simem_DE_Precast_Betonfertigteile.jpg","width":1920,"height":1080},{"@type":"BreadcrumbList","@id":"https:\/\/simem.com\/de\/branchen\/betonfertigteile\/#breadcrumb","itemListElement":[{"@type":"ListItem","position":1,"name":"Home","item":"https:\/\/simem.com\/de\/home-de\/"},{"@type":"ListItem","position":2,"name":"Branchen","item":"https:\/\/simem.com\/de\/branchen\/"},{"@type":"ListItem","position":3,"name":"Betonfertigteile"}]},{"@type":"WebSite","@id":"https:\/\/simem.com\/it\/#website","url":"https:\/\/simem.com\/it\/","name":"Simem","description":"Concrete future solutions","publisher":{"@id":"https:\/\/simem.com\/it\/#organization"},"potentialAction":[{"@type":"SearchAction","target":{"@type":"EntryPoint","urlTemplate":"https:\/\/simem.com\/it\/?s={search_term_string}"},"query-input":{"@type":"PropertyValueSpecification","valueRequired":true,"valueName":"search_term_string"}}],"inLanguage":"de"},{"@type":"Organization","@id":"https:\/\/simem.com\/it\/#organization","name":"Simem","url":"https:\/\/simem.com\/it\/","logo":{"@type":"ImageObject","inLanguage":"de","@id":"https:\/\/simem.com\/it\/#\/schema\/logo\/image\/","url":"https:\/\/simem.com\/wp-content\/uploads\/2021\/06\/logo_aquila.png","contentUrl":"https:\/\/simem.com\/wp-content\/uploads\/2021\/06\/logo_aquila.png","width":193,"height":172,"caption":"Simem"},"image":{"@id":"https:\/\/simem.com\/it\/#\/schema\/logo\/image\/"},"sameAs":["https:\/\/www.facebook.com\/simemgroup","https:\/\/www.linkedin.com\/company\/simem-s-p-a-\/","https:\/\/www.youtube.com\/user\/SimemSpa"]}]}},"_links":{"self":[{"href":"https:\/\/simem.com\/de\/wp-json\/wp\/v2\/pages\/4472","targetHints":{"allow":["GET"]}}],"collection":[{"href":"https:\/\/simem.com\/de\/wp-json\/wp\/v2\/pages"}],"about":[{"href":"https:\/\/simem.com\/de\/wp-json\/wp\/v2\/types\/page"}],"author":[{"embeddable":true,"href":"https:\/\/simem.com\/de\/wp-json\/wp\/v2\/users\/1"}],"replies":[{"embeddable":true,"href":"https:\/\/simem.com\/de\/wp-json\/wp\/v2\/comments?post=4472"}],"version-history":[{"count":15,"href":"https:\/\/simem.com\/de\/wp-json\/wp\/v2\/pages\/4472\/revisions"}],"predecessor-version":[{"id":10494,"href":"https:\/\/simem.com\/de\/wp-json\/wp\/v2\/pages\/4472\/revisions\/10494"}],"up":[{"embeddable":true,"href":"https:\/\/simem.com\/de\/wp-json\/wp\/v2\/pages\/4101"}],"wp:featuredmedia":[{"embeddable":true,"href":"https:\/\/simem.com\/de\/wp-json\/wp\/v2\/media\/10471"}],"wp:attachment":[{"href":"https:\/\/simem.com\/de\/wp-json\/wp\/v2\/media?parent=4472"}],"curies":[{"name":"wp","href":"https:\/\/api.w.org\/{rel}","templated":true}]}}