{"id":4539,"date":"2021-06-16T09:23:22","date_gmt":"2021-06-16T07:23:22","guid":{"rendered":"https:\/\/simem.com\/expertise\/"},"modified":"2024-06-24T11:51:10","modified_gmt":"2024-06-24T09:51:10","slug":"kompetenz","status":"publish","type":"page","link":"https:\/\/simem.com\/de\/kompetenz\/","title":{"rendered":"Kompetenz"},"content":{"rendered":"\t\t<div data-elementor-type=\"wp-page\" data-elementor-id=\"4539\" class=\"elementor elementor-4539 elementor-218\">\n\t\t\t\t\t\t<section class=\"elementor-section elementor-top-section elementor-element elementor-element-de81d9d elementor-section-boxed elementor-section-height-default elementor-section-height-default\" data-id=\"de81d9d\" data-element_type=\"section\" data-e-type=\"section\">\n\t\t\t\t\t\t<div class=\"elementor-container elementor-column-gap-default\">\n\t\t\t\t\t<div class=\"elementor-column elementor-col-100 elementor-top-column elementor-element elementor-element-75f53bb\" data-id=\"75f53bb\" data-element_type=\"column\" data-e-type=\"column\">\n\t\t\t<div class=\"elementor-widget-wrap elementor-element-populated\">\n\t\t\t\t\t\t<div class=\"elementor-element elementor-element-ac74048 elementor-widget elementor-widget-heading\" data-id=\"ac74048\" data-element_type=\"widget\" data-e-type=\"widget\" data-widget_type=\"heading.default\">\n\t\t\t\t<div class=\"elementor-widget-container\">\n\t\t\t\t\t<h6 class=\"elementor-heading-title elementor-size-default\">THE SIMEM WAY<\/h6>\t\t\t\t<\/div>\n\t\t\t\t<\/div>\n\t\t\t\t<div class=\"elementor-element elementor-element-5b213de elementor-widget elementor-widget-heading\" data-id=\"5b213de\" data-element_type=\"widget\" data-e-type=\"widget\" data-widget_type=\"heading.default\">\n\t\t\t\t<div class=\"elementor-widget-container\">\n\t\t\t\t\t<h2 class=\"elementor-heading-title elementor-size-default\">Der SIMEM Weg:  <br>\nQualit\u00e4ts- und kompetenzorientierte Gesamtl\u00f6sungen \n<\/h2>\t\t\t\t<\/div>\n\t\t\t\t<\/div>\n\t\t\t\t<div class=\"elementor-element elementor-element-23c0997 elementor-widget elementor-widget-text-editor\" data-id=\"23c0997\" data-element_type=\"widget\" data-e-type=\"widget\" data-widget_type=\"text-editor.default\">\n\t\t\t\t<div class=\"elementor-widget-container\">\n\t\t\t\t\t\t\t\t\t<p>Ein integrierter Ansatz zur Entwicklung von qualitativen L\u00f6sungen ist entscheidend, um ein vertrauensw\u00fcrdiger Berater unserer Kunden zu werden. Die Kenntnis der Branche und die Diskussion der Projektanforderungen erm\u00f6glicht es uns, Ideen zu entwickeln, die unsere Kompetenzen in den Bereichen Mischanlagen, Fertigteilautomation und Tunnell\u00f6sungen auch in Bezug auf Qualit\u00e4tskontrolle und Produktionsdurchlaufzeiten ber\u00fccksichtigen.<\/p>\t\t\t\t\t\t\t\t<\/div>\n\t\t\t\t<\/div>\n\t\t\t\t\t<\/div>\n\t\t<\/div>\n\t\t\t\t\t<\/div>\n\t\t<\/section>\n\t\t\t\t<\/div>\n\t\t","protected":false},"excerpt":{"rendered":"<p>THE SIMEM WAY Der SIMEM Weg: Qualit\u00e4ts- und kompetenzorientierte Gesamtl\u00f6sungen Ein integrierter Ansatz zur Entwicklung von qualitativen L\u00f6sungen ist entscheidend, um ein vertrauensw\u00fcrdiger Berater unserer Kunden zu werden. Die Kenntnis der Branche und die Diskussion der Projektanforderungen erm\u00f6glicht es uns, Ideen zu entwickeln, die unsere Kompetenzen in den Bereichen Mischanlagen, Fertigteilautomation und Tunnell\u00f6sungen auch in [&hellip;]<\/p>\n","protected":false},"author":1,"featured_media":0,"parent":0,"menu_order":27,"comment_status":"closed","ping_status":"closed","template":"page-templates\/page-expertise.php","meta":{"_acf_changed":false,"footnotes":""},"class_list":["post-4539","page","type-page","status-publish","hentry"],"acf":[],"yoast_head":"<!-- This site is optimized with the Yoast SEO plugin v27.1 - https:\/\/yoast.com\/product\/yoast-seo-wordpress\/ -->\n<title>Kompetenz - Simem<\/title>\n<meta name=\"robots\" content=\"index, follow, max-snippet:-1, max-image-preview:large, max-video-preview:-1\" \/>\n<link rel=\"canonical\" href=\"https:\/\/simem.com\/de\/kompetenz\/\" \/>\n<meta property=\"og:locale\" content=\"de_DE\" \/>\n<meta property=\"og:type\" content=\"article\" \/>\n<meta property=\"og:title\" content=\"Kompetenz - Simem\" \/>\n<meta property=\"og:description\" content=\"THE SIMEM WAY Der SIMEM Weg: Qualit\u00e4ts- und kompetenzorientierte Gesamtl\u00f6sungen Ein integrierter Ansatz zur Entwicklung von qualitativen L\u00f6sungen ist entscheidend, um ein vertrauensw\u00fcrdiger Berater unserer Kunden zu werden. Die Kenntnis der Branche und die Diskussion der Projektanforderungen erm\u00f6glicht es uns, Ideen zu entwickeln, die unsere Kompetenzen in den Bereichen Mischanlagen, Fertigteilautomation und Tunnell\u00f6sungen auch in [&hellip;]\" \/>\n<meta property=\"og:url\" content=\"https:\/\/simem.com\/de\/kompetenz\/\" \/>\n<meta property=\"og:site_name\" content=\"Simem\" \/>\n<meta property=\"article:publisher\" content=\"https:\/\/www.facebook.com\/simemgroup\" \/>\n<meta property=\"article:modified_time\" content=\"2024-06-24T09:51:10+00:00\" \/>\n<meta name=\"twitter:card\" content=\"summary_large_image\" \/>\n<script type=\"application\/ld+json\" class=\"yoast-schema-graph\">{\"@context\":\"https:\/\/schema.org\",\"@graph\":[{\"@type\":\"WebPage\",\"@id\":\"https:\/\/simem.com\/de\/kompetenz\/\",\"url\":\"https:\/\/simem.com\/de\/kompetenz\/\",\"name\":\"Kompetenz - Simem\",\"isPartOf\":{\"@id\":\"https:\/\/simem.com\/it\/#website\"},\"datePublished\":\"2021-06-16T07:23:22+00:00\",\"dateModified\":\"2024-06-24T09:51:10+00:00\",\"breadcrumb\":{\"@id\":\"https:\/\/simem.com\/de\/kompetenz\/#breadcrumb\"},\"inLanguage\":\"de\",\"potentialAction\":[{\"@type\":\"ReadAction\",\"target\":[\"https:\/\/simem.com\/de\/kompetenz\/\"]}]},{\"@type\":\"BreadcrumbList\",\"@id\":\"https:\/\/simem.com\/de\/kompetenz\/#breadcrumb\",\"itemListElement\":[{\"@type\":\"ListItem\",\"position\":1,\"name\":\"Home\",\"item\":\"https:\/\/simem.com\/de\/home-de\/\"},{\"@type\":\"ListItem\",\"position\":2,\"name\":\"Kompetenz\"}]},{\"@type\":\"WebSite\",\"@id\":\"https:\/\/simem.com\/it\/#website\",\"url\":\"https:\/\/simem.com\/it\/\",\"name\":\"Simem\",\"description\":\"Concrete future solutions\",\"publisher\":{\"@id\":\"https:\/\/simem.com\/it\/#organization\"},\"potentialAction\":[{\"@type\":\"SearchAction\",\"target\":{\"@type\":\"EntryPoint\",\"urlTemplate\":\"https:\/\/simem.com\/it\/?s={search_term_string}\"},\"query-input\":{\"@type\":\"PropertyValueSpecification\",\"valueRequired\":true,\"valueName\":\"search_term_string\"}}],\"inLanguage\":\"de\"},{\"@type\":\"Organization\",\"@id\":\"https:\/\/simem.com\/it\/#organization\",\"name\":\"Simem\",\"url\":\"https:\/\/simem.com\/it\/\",\"logo\":{\"@type\":\"ImageObject\",\"inLanguage\":\"de\",\"@id\":\"https:\/\/simem.com\/it\/#\/schema\/logo\/image\/\",\"url\":\"https:\/\/simem.com\/wp-content\/uploads\/2021\/06\/logo_aquila.png\",\"contentUrl\":\"https:\/\/simem.com\/wp-content\/uploads\/2021\/06\/logo_aquila.png\",\"width\":193,\"height\":172,\"caption\":\"Simem\"},\"image\":{\"@id\":\"https:\/\/simem.com\/it\/#\/schema\/logo\/image\/\"},\"sameAs\":[\"https:\/\/www.facebook.com\/simemgroup\",\"https:\/\/www.linkedin.com\/company\/simem-s-p-a-\/\",\"https:\/\/www.youtube.com\/user\/SimemSpa\"]}]}<\/script>\n<!-- \/ Yoast SEO plugin. -->","yoast_head_json":{"title":"Kompetenz - Simem","robots":{"index":"index","follow":"follow","max-snippet":"max-snippet:-1","max-image-preview":"max-image-preview:large","max-video-preview":"max-video-preview:-1"},"canonical":"https:\/\/simem.com\/de\/kompetenz\/","og_locale":"de_DE","og_type":"article","og_title":"Kompetenz - Simem","og_description":"THE SIMEM WAY Der SIMEM Weg: Qualit\u00e4ts- und kompetenzorientierte Gesamtl\u00f6sungen Ein integrierter Ansatz zur Entwicklung von qualitativen L\u00f6sungen ist entscheidend, um ein vertrauensw\u00fcrdiger Berater unserer Kunden zu werden. Die Kenntnis der Branche und die Diskussion der Projektanforderungen erm\u00f6glicht es uns, Ideen zu entwickeln, die unsere Kompetenzen in den Bereichen Mischanlagen, Fertigteilautomation und Tunnell\u00f6sungen auch in [&hellip;]","og_url":"https:\/\/simem.com\/de\/kompetenz\/","og_site_name":"Simem","article_publisher":"https:\/\/www.facebook.com\/simemgroup","article_modified_time":"2024-06-24T09:51:10+00:00","twitter_card":"summary_large_image","schema":{"@context":"https:\/\/schema.org","@graph":[{"@type":"WebPage","@id":"https:\/\/simem.com\/de\/kompetenz\/","url":"https:\/\/simem.com\/de\/kompetenz\/","name":"Kompetenz - Simem","isPartOf":{"@id":"https:\/\/simem.com\/it\/#website"},"datePublished":"2021-06-16T07:23:22+00:00","dateModified":"2024-06-24T09:51:10+00:00","breadcrumb":{"@id":"https:\/\/simem.com\/de\/kompetenz\/#breadcrumb"},"inLanguage":"de","potentialAction":[{"@type":"ReadAction","target":["https:\/\/simem.com\/de\/kompetenz\/"]}]},{"@type":"BreadcrumbList","@id":"https:\/\/simem.com\/de\/kompetenz\/#breadcrumb","itemListElement":[{"@type":"ListItem","position":1,"name":"Home","item":"https:\/\/simem.com\/de\/home-de\/"},{"@type":"ListItem","position":2,"name":"Kompetenz"}]},{"@type":"WebSite","@id":"https:\/\/simem.com\/it\/#website","url":"https:\/\/simem.com\/it\/","name":"Simem","description":"Concrete future solutions","publisher":{"@id":"https:\/\/simem.com\/it\/#organization"},"potentialAction":[{"@type":"SearchAction","target":{"@type":"EntryPoint","urlTemplate":"https:\/\/simem.com\/it\/?s={search_term_string}"},"query-input":{"@type":"PropertyValueSpecification","valueRequired":true,"valueName":"search_term_string"}}],"inLanguage":"de"},{"@type":"Organization","@id":"https:\/\/simem.com\/it\/#organization","name":"Simem","url":"https:\/\/simem.com\/it\/","logo":{"@type":"ImageObject","inLanguage":"de","@id":"https:\/\/simem.com\/it\/#\/schema\/logo\/image\/","url":"https:\/\/simem.com\/wp-content\/uploads\/2021\/06\/logo_aquila.png","contentUrl":"https:\/\/simem.com\/wp-content\/uploads\/2021\/06\/logo_aquila.png","width":193,"height":172,"caption":"Simem"},"image":{"@id":"https:\/\/simem.com\/it\/#\/schema\/logo\/image\/"},"sameAs":["https:\/\/www.facebook.com\/simemgroup","https:\/\/www.linkedin.com\/company\/simem-s-p-a-\/","https:\/\/www.youtube.com\/user\/SimemSpa"]}]}},"_links":{"self":[{"href":"https:\/\/simem.com\/de\/wp-json\/wp\/v2\/pages\/4539","targetHints":{"allow":["GET"]}}],"collection":[{"href":"https:\/\/simem.com\/de\/wp-json\/wp\/v2\/pages"}],"about":[{"href":"https:\/\/simem.com\/de\/wp-json\/wp\/v2\/types\/page"}],"author":[{"embeddable":true,"href":"https:\/\/simem.com\/de\/wp-json\/wp\/v2\/users\/1"}],"replies":[{"embeddable":true,"href":"https:\/\/simem.com\/de\/wp-json\/wp\/v2\/comments?post=4539"}],"version-history":[{"count":12,"href":"https:\/\/simem.com\/de\/wp-json\/wp\/v2\/pages\/4539\/revisions"}],"predecessor-version":[{"id":10598,"href":"https:\/\/simem.com\/de\/wp-json\/wp\/v2\/pages\/4539\/revisions\/10598"}],"wp:attachment":[{"href":"https:\/\/simem.com\/de\/wp-json\/wp\/v2\/media?parent=4539"}],"curies":[{"name":"wp","href":"https:\/\/api.w.org\/{rel}","templated":true}]}}