{"id":4555,"date":"2021-06-16T10:46:24","date_gmt":"2021-06-16T08:46:24","guid":{"rendered":"https:\/\/simem.com\/products\/"},"modified":"2024-01-25T09:45:13","modified_gmt":"2024-01-25T08:45:13","slug":"produkte","status":"publish","type":"page","link":"https:\/\/simem.com\/de\/produkte\/","title":{"rendered":"Produkte"},"content":{"rendered":"\t\t<div data-elementor-type=\"wp-page\" data-elementor-id=\"4555\" class=\"elementor elementor-4555 elementor-238\">\n\t\t\t\t\t\t<section class=\"elementor-section elementor-top-section elementor-element elementor-element-546a403 elementor-section-boxed elementor-section-height-default elementor-section-height-default\" data-id=\"546a403\" data-element_type=\"section\" data-e-type=\"section\">\n\t\t\t\t\t\t<div class=\"elementor-container elementor-column-gap-default\">\n\t\t\t\t\t<div class=\"elementor-column elementor-col-100 elementor-top-column elementor-element elementor-element-ba53ff7\" data-id=\"ba53ff7\" data-element_type=\"column\" data-e-type=\"column\">\n\t\t\t<div class=\"elementor-widget-wrap elementor-element-populated\">\n\t\t\t\t\t\t<div class=\"elementor-element elementor-element-98f3375 elementor-widget elementor-widget-heading\" data-id=\"98f3375\" data-element_type=\"widget\" data-e-type=\"widget\" data-widget_type=\"heading.default\">\n\t\t\t\t<div class=\"elementor-widget-container\">\n\t\t\t\t\t<h2 class=\"elementor-heading-title elementor-size-default\">Unsere Erfahrung zu Ihren Diensten<\/h2>\t\t\t\t<\/div>\n\t\t\t\t<\/div>\n\t\t\t\t<div class=\"elementor-element elementor-element-d46e5a5 elementor-widget elementor-widget-text-editor\" data-id=\"d46e5a5\" data-element_type=\"widget\" data-e-type=\"widget\" data-widget_type=\"text-editor.default\">\n\t\t\t\t<div class=\"elementor-widget-container\">\n\t\t\t\t\t\t\t\t\t<div class=\"elementor-element elementor-element-23c0997 elementor-widget elementor-widget-text-editor\" data-id=\"23c0997\" data-element_type=\"widget\" data-widget_type=\"text-editor.default\"><div class=\"elementor-widget-container\">SIMEM ist der Partner f\u00fcr L\u00f6sungen rund um Betonmischanlagen und geht mit seiner breiten Produktpalette auf die Bed\u00fcrfnisse jedes Kunden ein. Jahrelange Erfahrung, kombiniert mit starker Innovationskraft sowie spezifischen Branchenkenntnissen erm\u00f6glicht es SIMEM, die Nachfrage von Betonproduktionsanlagen aus allen Teilen der Welt zu bedienen. Technologie, Innovation, Zuverl\u00e4ssigkeit, Qualit\u00e4t und Service sind Faktoren, die SIMEM auszeichnen und in der Branche einzigartig machen. Ein professionelles Vertriebsnetz garantiert eine starke internationale Abdeckung mit dem Ziel, den Kunden durch technisches Wissen und schnelle Lieferf\u00e4higkeit zu unterst\u00fctzen, um rasch die maximale Produktivit\u00e4t zu gew\u00e4hrleisten.<\/div><\/div>\t\t\t\t\t\t\t\t<\/div>\n\t\t\t\t<\/div>\n\t\t\t\t\t<\/div>\n\t\t<\/div>\n\t\t\t\t\t<\/div>\n\t\t<\/section>\n\t\t\t\t<section class=\"elementor-section elementor-top-section elementor-element elementor-element-e15c4ec elementor-section-boxed elementor-section-height-default elementor-section-height-default\" data-id=\"e15c4ec\" data-element_type=\"section\" data-e-type=\"section\">\n\t\t\t\t\t\t<div class=\"elementor-container elementor-column-gap-default\">\n\t\t\t\t\t<div class=\"elementor-column elementor-col-50 elementor-top-column elementor-element elementor-element-97cc67e\" data-id=\"97cc67e\" data-element_type=\"column\" data-e-type=\"column\">\n\t\t\t<div class=\"elementor-widget-wrap elementor-element-populated\">\n\t\t\t\t\t\t<div class=\"elementor-element elementor-element-20de046 elementor-widget elementor-widget-image\" data-id=\"20de046\" data-element_type=\"widget\" data-e-type=\"widget\" data-widget_type=\"image.default\">\n\t\t\t\t<div class=\"elementor-widget-container\">\n\t\t\t\t\t\t\t\t\t\t\t\t\t\t\t\t<a href=\"https:\/\/simem.com\/products\/machines\/\">\n\t\t\t\t\t\t\t<img fetchpriority=\"high\" decoding=\"async\" width=\"592\" height=\"592\" src=\"https:\/\/simem.com\/wp-content\/uploads\/2021\/06\/SIMEM-CORES-PREV.png\" class=\"attachment-large size-large wp-image-4559\" alt=\"\" srcset=\"https:\/\/simem.com\/wp-content\/uploads\/2021\/06\/SIMEM-CORES-PREV.png 592w, https:\/\/simem.com\/wp-content\/uploads\/2021\/06\/SIMEM-CORES-PREV-300x300.png 300w, https:\/\/simem.com\/wp-content\/uploads\/2021\/06\/SIMEM-CORES-PREV-150x150.png 150w\" sizes=\"(max-width: 592px) 100vw, 592px\" \/>\t\t\t\t\t\t\t\t<\/a>\n\t\t\t\t\t\t\t\t\t\t\t\t\t\t\t<\/div>\n\t\t\t\t<\/div>\n\t\t\t\t\t<\/div>\n\t\t<\/div>\n\t\t\t\t<div class=\"elementor-column elementor-col-50 elementor-top-column elementor-element elementor-element-20a5f21\" data-id=\"20a5f21\" data-element_type=\"column\" data-e-type=\"column\">\n\t\t\t<div class=\"elementor-widget-wrap elementor-element-populated\">\n\t\t\t\t\t\t<div class=\"elementor-element elementor-element-e4d3a0d elementor-widget elementor-widget-spacer\" data-id=\"e4d3a0d\" data-element_type=\"widget\" data-e-type=\"widget\" data-widget_type=\"spacer.default\">\n\t\t\t\t<div class=\"elementor-widget-container\">\n\t\t\t\t\t\t\t<div class=\"elementor-spacer\">\n\t\t\t<div class=\"elementor-spacer-inner\"><\/div>\n\t\t<\/div>\n\t\t\t\t\t\t<\/div>\n\t\t\t\t<\/div>\n\t\t\t\t<div class=\"elementor-element elementor-element-5038a34 elementor-widget elementor-widget-heading\" data-id=\"5038a34\" data-element_type=\"widget\" data-e-type=\"widget\" data-widget_type=\"heading.default\">\n\t\t\t\t<div class=\"elementor-widget-container\">\n\t\t\t\t\t<h2 class=\"elementor-heading-title elementor-size-default\"><a href=\"https:\/\/simem.com\/products\/machines\/\">ANLAGENTEILE<\/a><\/h2>\t\t\t\t<\/div>\n\t\t\t\t<\/div>\n\t\t\t\t<div class=\"elementor-element elementor-element-0ee595d elementor-widget elementor-widget-text-editor\" data-id=\"0ee595d\" data-element_type=\"widget\" data-e-type=\"widget\" data-widget_type=\"text-editor.default\">\n\t\t\t\t<div class=\"elementor-widget-container\">\n\t\t\t\t\t\t\t\t\t<p>Mischer, F\u00f6rder-, Verteil- und Dosierger\u00e4te, Wasseraufbereitungs- und K\u00fchll\u00f6sungen sind die Kernelemente unserer Anlagen. Mit jahrelanger Erfahrung ist die SIMEM Unternehmensfamilie in der Lage, die L\u00f6sungen f\u00fcr eine erfolgreiche Zukunft zu liefern.<\/p>\t\t\t\t\t\t\t\t<\/div>\n\t\t\t\t<\/div>\n\t\t\t\t<div class=\"elementor-element elementor-element-1a2a0be elementor-align-center elementor-widget elementor-widget-button\" data-id=\"1a2a0be\" data-element_type=\"widget\" data-e-type=\"widget\" data-widget_type=\"button.default\">\n\t\t\t\t<div class=\"elementor-widget-container\">\n\t\t\t\t\t\t\t\t\t<div class=\"elementor-button-wrapper\">\n\t\t\t\t\t<a class=\"elementor-button elementor-button-link elementor-size-lg\" href=\"https:\/\/simem.com\/de\/produkte\/anlangenteile\/\">\n\t\t\t\t\t\t<span class=\"elementor-button-content-wrapper\">\n\t\t\t\t\t\t\t\t\t<span class=\"elementor-button-text\">ENTDECKEN SIE UNSER SORTIMENT<\/span>\n\t\t\t\t\t<\/span>\n\t\t\t\t\t<\/a>\n\t\t\t\t<\/div>\n\t\t\t\t\t\t\t\t<\/div>\n\t\t\t\t<\/div>\n\t\t\t\t\t<\/div>\n\t\t<\/div>\n\t\t\t\t\t<\/div>\n\t\t<\/section>\n\t\t\t\t<section class=\"elementor-section elementor-top-section elementor-element elementor-element-91b2dd2 elementor-section-boxed elementor-section-height-default elementor-section-height-default\" data-id=\"91b2dd2\" data-element_type=\"section\" data-e-type=\"section\">\n\t\t\t\t\t\t<div class=\"elementor-container elementor-column-gap-default\">\n\t\t\t\t\t<div class=\"elementor-column elementor-col-100 elementor-top-column elementor-element elementor-element-69e550b\" data-id=\"69e550b\" data-element_type=\"column\" data-e-type=\"column\">\n\t\t\t<div class=\"elementor-widget-wrap elementor-element-populated\">\n\t\t\t\t\t\t<div class=\"elementor-element elementor-element-e15398d elementor-widget elementor-widget-spacer\" data-id=\"e15398d\" data-element_type=\"widget\" data-e-type=\"widget\" data-widget_type=\"spacer.default\">\n\t\t\t\t<div class=\"elementor-widget-container\">\n\t\t\t\t\t\t\t<div class=\"elementor-spacer\">\n\t\t\t<div class=\"elementor-spacer-inner\"><\/div>\n\t\t<\/div>\n\t\t\t\t\t\t<\/div>\n\t\t\t\t<\/div>\n\t\t\t\t\t<\/div>\n\t\t<\/div>\n\t\t\t\t\t<\/div>\n\t\t<\/section>\n\t\t\t\t<section class=\"elementor-section elementor-top-section elementor-element elementor-element-354c451 elementor-section-boxed elementor-section-height-default elementor-section-height-default\" data-id=\"354c451\" data-element_type=\"section\" data-e-type=\"section\" data-settings=\"{&quot;background_background&quot;:&quot;classic&quot;}\">\n\t\t\t\t\t\t<div class=\"elementor-container elementor-column-gap-default\">\n\t\t\t\t\t<div class=\"elementor-column elementor-col-50 elementor-top-column elementor-element elementor-element-8bf3daa\" data-id=\"8bf3daa\" data-element_type=\"column\" data-e-type=\"column\" data-settings=\"{&quot;background_background&quot;:&quot;classic&quot;}\">\n\t\t\t<div class=\"elementor-widget-wrap elementor-element-populated\">\n\t\t\t\t\t\t<div class=\"elementor-element elementor-element-4240de7 elementor-widget elementor-widget-spacer\" data-id=\"4240de7\" data-element_type=\"widget\" data-e-type=\"widget\" data-widget_type=\"spacer.default\">\n\t\t\t\t<div class=\"elementor-widget-container\">\n\t\t\t\t\t\t\t<div class=\"elementor-spacer\">\n\t\t\t<div class=\"elementor-spacer-inner\"><\/div>\n\t\t<\/div>\n\t\t\t\t\t\t<\/div>\n\t\t\t\t<\/div>\n\t\t\t\t<div class=\"elementor-element elementor-element-6956d2f elementor-widget elementor-widget-heading\" data-id=\"6956d2f\" data-element_type=\"widget\" data-e-type=\"widget\" data-widget_type=\"heading.default\">\n\t\t\t\t<div class=\"elementor-widget-container\">\n\t\t\t\t\t<h2 class=\"elementor-heading-title elementor-size-default\"><a href=\"https:\/\/simem.com\/products\/plants\/\">ANLAGENBAU<\/a><\/h2>\t\t\t\t<\/div>\n\t\t\t\t<\/div>\n\t\t\t\t<div class=\"elementor-element elementor-element-c66af14 elementor-widget elementor-widget-text-editor\" data-id=\"c66af14\" data-element_type=\"widget\" data-e-type=\"widget\" data-widget_type=\"text-editor.default\">\n\t\t\t\t<div class=\"elementor-widget-container\">\n\t\t\t\t\t\t\t\t\t<p>SIMEM bietet Planung, Bau und Installation von automatisierten Dosier- und Fertigteilanlagen f\u00fcr einige der wichtigsten Bauprojekte weltweit. Die Produktpalette umfasst verschiedenste L\u00f6sungen: horizontale und vertikale Betonmischanlagen, mobile Betonmischanlagen, Betonrecyclinganlagen und Betonfertigteilanlagen, Karussells, Injektionsanlagen.<\/p>\t\t\t\t\t\t\t\t<\/div>\n\t\t\t\t<\/div>\n\t\t\t\t<div class=\"elementor-element elementor-element-5763b14 elementor-align-center elementor-widget elementor-widget-button\" data-id=\"5763b14\" data-element_type=\"widget\" data-e-type=\"widget\" data-widget_type=\"button.default\">\n\t\t\t\t<div class=\"elementor-widget-container\">\n\t\t\t\t\t\t\t\t\t<div class=\"elementor-button-wrapper\">\n\t\t\t\t\t<a class=\"elementor-button elementor-button-link elementor-size-lg\" href=\"https:\/\/simem.com\/de\/produkte\/anlagenbau\/\">\n\t\t\t\t\t\t<span class=\"elementor-button-content-wrapper\">\n\t\t\t\t\t\t\t\t\t<span class=\"elementor-button-text\">ENTDECKEN SIE UNSER SORTIMENT<\/span>\n\t\t\t\t\t<\/span>\n\t\t\t\t\t<\/a>\n\t\t\t\t<\/div>\n\t\t\t\t\t\t\t\t<\/div>\n\t\t\t\t<\/div>\n\t\t\t\t\t<\/div>\n\t\t<\/div>\n\t\t\t\t<div class=\"elementor-column elementor-col-50 elementor-top-column elementor-element elementor-element-69dd43a\" data-id=\"69dd43a\" data-element_type=\"column\" data-e-type=\"column\" data-settings=\"{&quot;background_background&quot;:&quot;classic&quot;}\">\n\t\t\t<div class=\"elementor-widget-wrap elementor-element-populated\">\n\t\t\t\t\t\t<div class=\"elementor-element elementor-element-0cd3500 elementor-widget elementor-widget-image\" data-id=\"0cd3500\" data-element_type=\"widget\" data-e-type=\"widget\" data-widget_type=\"image.default\">\n\t\t\t\t<div class=\"elementor-widget-container\">\n\t\t\t\t\t\t\t\t\t\t\t\t\t\t\t\t<a href=\"https:\/\/simem.com\/products\/plants\/\">\n\t\t\t\t\t\t\t<img decoding=\"async\" width=\"593\" height=\"593\" src=\"https:\/\/simem.com\/wp-content\/uploads\/2021\/06\/SIMEM-PLANTS-PREV.png\" class=\"attachment-large size-large wp-image-4560\" alt=\"\" srcset=\"https:\/\/simem.com\/wp-content\/uploads\/2021\/06\/SIMEM-PLANTS-PREV.png 593w, https:\/\/simem.com\/wp-content\/uploads\/2021\/06\/SIMEM-PLANTS-PREV-300x300.png 300w, https:\/\/simem.com\/wp-content\/uploads\/2021\/06\/SIMEM-PLANTS-PREV-150x150.png 150w\" sizes=\"(max-width: 593px) 100vw, 593px\" \/>\t\t\t\t\t\t\t\t<\/a>\n\t\t\t\t\t\t\t\t\t\t\t\t\t\t\t<\/div>\n\t\t\t\t<\/div>\n\t\t\t\t\t<\/div>\n\t\t<\/div>\n\t\t\t\t\t<\/div>\n\t\t<\/section>\n\t\t\t\t<section class=\"elementor-section elementor-top-section elementor-element elementor-element-6b7cbd7 elementor-section-boxed elementor-section-height-default elementor-section-height-default\" data-id=\"6b7cbd7\" data-element_type=\"section\" data-e-type=\"section\">\n\t\t\t\t\t\t<div class=\"elementor-container elementor-column-gap-default\">\n\t\t\t\t\t<div class=\"elementor-column elementor-col-100 elementor-top-column elementor-element elementor-element-0d60ad4\" data-id=\"0d60ad4\" data-element_type=\"column\" data-e-type=\"column\">\n\t\t\t<div class=\"elementor-widget-wrap elementor-element-populated\">\n\t\t\t\t\t\t<div class=\"elementor-element elementor-element-dda4346 elementor-widget elementor-widget-spacer\" data-id=\"dda4346\" data-element_type=\"widget\" data-e-type=\"widget\" data-widget_type=\"spacer.default\">\n\t\t\t\t<div class=\"elementor-widget-container\">\n\t\t\t\t\t\t\t<div class=\"elementor-spacer\">\n\t\t\t<div class=\"elementor-spacer-inner\"><\/div>\n\t\t<\/div>\n\t\t\t\t\t\t<\/div>\n\t\t\t\t<\/div>\n\t\t\t\t\t<\/div>\n\t\t<\/div>\n\t\t\t\t\t<\/div>\n\t\t<\/section>\n\t\t\t\t<\/div>\n\t\t","protected":false},"excerpt":{"rendered":"<p>Unsere Erfahrung zu Ihren Diensten SIMEM ist der Partner f\u00fcr L\u00f6sungen rund um Betonmischanlagen und geht mit seiner breiten Produktpalette auf die Bed\u00fcrfnisse jedes Kunden ein. Jahrelange Erfahrung, kombiniert mit starker Innovationskraft sowie spezifischen Branchenkenntnissen erm\u00f6glicht es SIMEM, die Nachfrage von Betonproduktionsanlagen aus allen Teilen der Welt zu bedienen. Technologie, Innovation, Zuverl\u00e4ssigkeit, Qualit\u00e4t und Service [&hellip;]<\/p>\n","protected":false},"author":1,"featured_media":0,"parent":0,"menu_order":77,"comment_status":"closed","ping_status":"closed","template":"page-templates\/page-products.php","meta":{"_acf_changed":false,"footnotes":""},"class_list":["post-4555","page","type-page","status-publish","hentry"],"acf":[],"yoast_head":"<!-- This site is optimized with the Yoast SEO plugin v27.1 - https:\/\/yoast.com\/product\/yoast-seo-wordpress\/ -->\n<title>Produkte - Simem<\/title>\n<meta name=\"robots\" content=\"index, follow, max-snippet:-1, max-image-preview:large, max-video-preview:-1\" \/>\n<link rel=\"canonical\" href=\"https:\/\/simem.com\/de\/produkte\/\" \/>\n<meta property=\"og:locale\" content=\"de_DE\" \/>\n<meta property=\"og:type\" content=\"article\" \/>\n<meta property=\"og:title\" content=\"Produkte - Simem\" \/>\n<meta property=\"og:description\" content=\"Unsere Erfahrung zu Ihren Diensten SIMEM ist der Partner f\u00fcr L\u00f6sungen rund um Betonmischanlagen und geht mit seiner breiten Produktpalette auf die Bed\u00fcrfnisse jedes Kunden ein. Jahrelange Erfahrung, kombiniert mit starker Innovationskraft sowie spezifischen Branchenkenntnissen erm\u00f6glicht es SIMEM, die Nachfrage von Betonproduktionsanlagen aus allen Teilen der Welt zu bedienen. Technologie, Innovation, Zuverl\u00e4ssigkeit, Qualit\u00e4t und Service [&hellip;]\" \/>\n<meta property=\"og:url\" content=\"https:\/\/simem.com\/de\/produkte\/\" \/>\n<meta property=\"og:site_name\" content=\"Simem\" \/>\n<meta property=\"article:publisher\" content=\"https:\/\/www.facebook.com\/simemgroup\" \/>\n<meta property=\"article:modified_time\" content=\"2024-01-25T08:45:13+00:00\" \/>\n<meta property=\"og:image\" content=\"https:\/\/simem.com\/wp-content\/uploads\/2021\/06\/SIMEM-CORES-PREV.png\" \/>\n\t<meta property=\"og:image:width\" content=\"592\" \/>\n\t<meta property=\"og:image:height\" content=\"592\" \/>\n\t<meta property=\"og:image:type\" content=\"image\/png\" \/>\n<meta name=\"twitter:card\" content=\"summary_large_image\" \/>\n<meta name=\"twitter:label1\" content=\"Gesch\u00e4tzte Lesezeit\" \/>\n\t<meta name=\"twitter:data1\" content=\"1\u00a0Minute\" \/>\n<script type=\"application\/ld+json\" class=\"yoast-schema-graph\">{\"@context\":\"https:\/\/schema.org\",\"@graph\":[{\"@type\":\"WebPage\",\"@id\":\"https:\/\/simem.com\/de\/produkte\/\",\"url\":\"https:\/\/simem.com\/de\/produkte\/\",\"name\":\"Produkte - Simem\",\"isPartOf\":{\"@id\":\"https:\/\/simem.com\/it\/#website\"},\"primaryImageOfPage\":{\"@id\":\"https:\/\/simem.com\/de\/produkte\/#primaryimage\"},\"image\":{\"@id\":\"https:\/\/simem.com\/de\/produkte\/#primaryimage\"},\"thumbnailUrl\":\"https:\/\/simem.com\/wp-content\/uploads\/2021\/06\/SIMEM-CORES-PREV.png\",\"datePublished\":\"2021-06-16T08:46:24+00:00\",\"dateModified\":\"2024-01-25T08:45:13+00:00\",\"breadcrumb\":{\"@id\":\"https:\/\/simem.com\/de\/produkte\/#breadcrumb\"},\"inLanguage\":\"de\",\"potentialAction\":[{\"@type\":\"ReadAction\",\"target\":[\"https:\/\/simem.com\/de\/produkte\/\"]}]},{\"@type\":\"ImageObject\",\"inLanguage\":\"de\",\"@id\":\"https:\/\/simem.com\/de\/produkte\/#primaryimage\",\"url\":\"https:\/\/simem.com\/wp-content\/uploads\/2021\/06\/SIMEM-CORES-PREV.png\",\"contentUrl\":\"https:\/\/simem.com\/wp-content\/uploads\/2021\/06\/SIMEM-CORES-PREV.png\"},{\"@type\":\"BreadcrumbList\",\"@id\":\"https:\/\/simem.com\/de\/produkte\/#breadcrumb\",\"itemListElement\":[{\"@type\":\"ListItem\",\"position\":1,\"name\":\"Home\",\"item\":\"https:\/\/simem.com\/de\/home-de\/\"},{\"@type\":\"ListItem\",\"position\":2,\"name\":\"Produkte\"}]},{\"@type\":\"WebSite\",\"@id\":\"https:\/\/simem.com\/it\/#website\",\"url\":\"https:\/\/simem.com\/it\/\",\"name\":\"Simem\",\"description\":\"Concrete future solutions\",\"publisher\":{\"@id\":\"https:\/\/simem.com\/it\/#organization\"},\"potentialAction\":[{\"@type\":\"SearchAction\",\"target\":{\"@type\":\"EntryPoint\",\"urlTemplate\":\"https:\/\/simem.com\/it\/?s={search_term_string}\"},\"query-input\":{\"@type\":\"PropertyValueSpecification\",\"valueRequired\":true,\"valueName\":\"search_term_string\"}}],\"inLanguage\":\"de\"},{\"@type\":\"Organization\",\"@id\":\"https:\/\/simem.com\/it\/#organization\",\"name\":\"Simem\",\"url\":\"https:\/\/simem.com\/it\/\",\"logo\":{\"@type\":\"ImageObject\",\"inLanguage\":\"de\",\"@id\":\"https:\/\/simem.com\/it\/#\/schema\/logo\/image\/\",\"url\":\"https:\/\/simem.com\/wp-content\/uploads\/2021\/06\/logo_aquila.png\",\"contentUrl\":\"https:\/\/simem.com\/wp-content\/uploads\/2021\/06\/logo_aquila.png\",\"width\":193,\"height\":172,\"caption\":\"Simem\"},\"image\":{\"@id\":\"https:\/\/simem.com\/it\/#\/schema\/logo\/image\/\"},\"sameAs\":[\"https:\/\/www.facebook.com\/simemgroup\",\"https:\/\/www.linkedin.com\/company\/simem-s-p-a-\/\",\"https:\/\/www.youtube.com\/user\/SimemSpa\"]}]}<\/script>\n<!-- \/ Yoast SEO plugin. -->","yoast_head_json":{"title":"Produkte - Simem","robots":{"index":"index","follow":"follow","max-snippet":"max-snippet:-1","max-image-preview":"max-image-preview:large","max-video-preview":"max-video-preview:-1"},"canonical":"https:\/\/simem.com\/de\/produkte\/","og_locale":"de_DE","og_type":"article","og_title":"Produkte - Simem","og_description":"Unsere Erfahrung zu Ihren Diensten SIMEM ist der Partner f\u00fcr L\u00f6sungen rund um Betonmischanlagen und geht mit seiner breiten Produktpalette auf die Bed\u00fcrfnisse jedes Kunden ein. Jahrelange Erfahrung, kombiniert mit starker Innovationskraft sowie spezifischen Branchenkenntnissen erm\u00f6glicht es SIMEM, die Nachfrage von Betonproduktionsanlagen aus allen Teilen der Welt zu bedienen. Technologie, Innovation, Zuverl\u00e4ssigkeit, Qualit\u00e4t und Service [&hellip;]","og_url":"https:\/\/simem.com\/de\/produkte\/","og_site_name":"Simem","article_publisher":"https:\/\/www.facebook.com\/simemgroup","article_modified_time":"2024-01-25T08:45:13+00:00","og_image":[{"width":592,"height":592,"url":"https:\/\/simem.com\/wp-content\/uploads\/2021\/06\/SIMEM-CORES-PREV.png","type":"image\/png"}],"twitter_card":"summary_large_image","twitter_misc":{"Gesch\u00e4tzte Lesezeit":"1\u00a0Minute"},"schema":{"@context":"https:\/\/schema.org","@graph":[{"@type":"WebPage","@id":"https:\/\/simem.com\/de\/produkte\/","url":"https:\/\/simem.com\/de\/produkte\/","name":"Produkte - Simem","isPartOf":{"@id":"https:\/\/simem.com\/it\/#website"},"primaryImageOfPage":{"@id":"https:\/\/simem.com\/de\/produkte\/#primaryimage"},"image":{"@id":"https:\/\/simem.com\/de\/produkte\/#primaryimage"},"thumbnailUrl":"https:\/\/simem.com\/wp-content\/uploads\/2021\/06\/SIMEM-CORES-PREV.png","datePublished":"2021-06-16T08:46:24+00:00","dateModified":"2024-01-25T08:45:13+00:00","breadcrumb":{"@id":"https:\/\/simem.com\/de\/produkte\/#breadcrumb"},"inLanguage":"de","potentialAction":[{"@type":"ReadAction","target":["https:\/\/simem.com\/de\/produkte\/"]}]},{"@type":"ImageObject","inLanguage":"de","@id":"https:\/\/simem.com\/de\/produkte\/#primaryimage","url":"https:\/\/simem.com\/wp-content\/uploads\/2021\/06\/SIMEM-CORES-PREV.png","contentUrl":"https:\/\/simem.com\/wp-content\/uploads\/2021\/06\/SIMEM-CORES-PREV.png"},{"@type":"BreadcrumbList","@id":"https:\/\/simem.com\/de\/produkte\/#breadcrumb","itemListElement":[{"@type":"ListItem","position":1,"name":"Home","item":"https:\/\/simem.com\/de\/home-de\/"},{"@type":"ListItem","position":2,"name":"Produkte"}]},{"@type":"WebSite","@id":"https:\/\/simem.com\/it\/#website","url":"https:\/\/simem.com\/it\/","name":"Simem","description":"Concrete future solutions","publisher":{"@id":"https:\/\/simem.com\/it\/#organization"},"potentialAction":[{"@type":"SearchAction","target":{"@type":"EntryPoint","urlTemplate":"https:\/\/simem.com\/it\/?s={search_term_string}"},"query-input":{"@type":"PropertyValueSpecification","valueRequired":true,"valueName":"search_term_string"}}],"inLanguage":"de"},{"@type":"Organization","@id":"https:\/\/simem.com\/it\/#organization","name":"Simem","url":"https:\/\/simem.com\/it\/","logo":{"@type":"ImageObject","inLanguage":"de","@id":"https:\/\/simem.com\/it\/#\/schema\/logo\/image\/","url":"https:\/\/simem.com\/wp-content\/uploads\/2021\/06\/logo_aquila.png","contentUrl":"https:\/\/simem.com\/wp-content\/uploads\/2021\/06\/logo_aquila.png","width":193,"height":172,"caption":"Simem"},"image":{"@id":"https:\/\/simem.com\/it\/#\/schema\/logo\/image\/"},"sameAs":["https:\/\/www.facebook.com\/simemgroup","https:\/\/www.linkedin.com\/company\/simem-s-p-a-\/","https:\/\/www.youtube.com\/user\/SimemSpa"]}]}},"_links":{"self":[{"href":"https:\/\/simem.com\/de\/wp-json\/wp\/v2\/pages\/4555","targetHints":{"allow":["GET"]}}],"collection":[{"href":"https:\/\/simem.com\/de\/wp-json\/wp\/v2\/pages"}],"about":[{"href":"https:\/\/simem.com\/de\/wp-json\/wp\/v2\/types\/page"}],"author":[{"embeddable":true,"href":"https:\/\/simem.com\/de\/wp-json\/wp\/v2\/users\/1"}],"replies":[{"embeddable":true,"href":"https:\/\/simem.com\/de\/wp-json\/wp\/v2\/comments?post=4555"}],"version-history":[{"count":25,"href":"https:\/\/simem.com\/de\/wp-json\/wp\/v2\/pages\/4555\/revisions"}],"predecessor-version":[{"id":9546,"href":"https:\/\/simem.com\/de\/wp-json\/wp\/v2\/pages\/4555\/revisions\/9546"}],"wp:attachment":[{"href":"https:\/\/simem.com\/de\/wp-json\/wp\/v2\/media?parent=4555"}],"curies":[{"name":"wp","href":"https:\/\/api.w.org\/{rel}","templated":true}]}}