{"id":4618,"date":"2021-06-17T10:36:59","date_gmt":"2021-06-17T08:36:59","guid":{"rendered":"https:\/\/simem.com\/produkte\/plants\/"},"modified":"2024-07-30T15:06:53","modified_gmt":"2024-07-30T13:06:53","slug":"anlagenbau","status":"publish","type":"page","link":"https:\/\/simem.com\/de\/produkte\/anlagenbau\/","title":{"rendered":"Anlagenbau"},"content":{"rendered":"\t\t<div data-elementor-type=\"wp-page\" data-elementor-id=\"4618\" class=\"elementor elementor-4618 elementor-366\">\n\t\t\t\t\t\t<section class=\"elementor-section elementor-top-section elementor-element elementor-element-64a0d981 elementor-section-full_width description-item elementor-section-height-default elementor-section-height-default\" data-id=\"64a0d981\" data-element_type=\"section\" data-e-type=\"section\">\n\t\t\t\t\t\t<div class=\"elementor-container elementor-column-gap-default\">\n\t\t\t\t\t<div class=\"elementor-column elementor-col-100 elementor-top-column elementor-element elementor-element-10129429\" data-id=\"10129429\" data-element_type=\"column\" data-e-type=\"column\">\n\t\t\t<div class=\"elementor-widget-wrap elementor-element-populated\">\n\t\t\t\t\t\t<section class=\"elementor-section elementor-inner-section elementor-element elementor-element-27e278d0 elementor-section-content-middle elementor-section-boxed elementor-section-height-default elementor-section-height-default\" data-id=\"27e278d0\" data-element_type=\"section\" data-e-type=\"section\">\n\t\t\t\t\t\t<div class=\"elementor-container elementor-column-gap-default\">\n\t\t\t\t\t<div class=\"elementor-column elementor-col-50 elementor-inner-column elementor-element elementor-element-4ac5600\" data-id=\"4ac5600\" data-element_type=\"column\" data-e-type=\"column\">\n\t\t\t<div class=\"elementor-widget-wrap elementor-element-populated\">\n\t\t\t\t\t\t<div class=\"elementor-element elementor-element-cd7086 elementor-widget elementor-widget-image\" data-id=\"cd7086\" data-element_type=\"widget\" data-e-type=\"widget\" data-widget_type=\"image.default\">\n\t\t\t\t<div class=\"elementor-widget-container\">\n\t\t\t\t\t\t\t\t\t\t\t\t\t\t\t<img fetchpriority=\"high\" decoding=\"async\" width=\"640\" height=\"480\" src=\"https:\/\/simem.com\/wp-content\/uploads\/2024\/03\/Bison_GL4S-1024x768.jpg\" class=\"attachment-large size-large wp-image-10027\" alt=\"\" srcset=\"https:\/\/simem.com\/wp-content\/uploads\/2024\/03\/Bison_GL4S-1024x768.jpg 1024w, https:\/\/simem.com\/wp-content\/uploads\/2024\/03\/Bison_GL4S-300x225.jpg 300w, https:\/\/simem.com\/wp-content\/uploads\/2024\/03\/Bison_GL4S-768x576.jpg 768w, https:\/\/simem.com\/wp-content\/uploads\/2024\/03\/Bison_GL4S-1536x1152.jpg 1536w, https:\/\/simem.com\/wp-content\/uploads\/2024\/03\/Bison_GL4S.jpg 1920w\" sizes=\"(max-width: 640px) 100vw, 640px\" \/>\t\t\t\t\t\t\t\t\t\t\t\t\t\t\t<\/div>\n\t\t\t\t<\/div>\n\t\t\t\t\t<\/div>\n\t\t<\/div>\n\t\t\t\t<div class=\"elementor-column elementor-col-50 elementor-inner-column elementor-element elementor-element-1072f733\" data-id=\"1072f733\" data-element_type=\"column\" data-e-type=\"column\">\n\t\t\t<div class=\"elementor-widget-wrap elementor-element-populated\">\n\t\t\t\t\t\t<div class=\"elementor-element elementor-element-133e326 subtitle elementor-widget elementor-widget-heading\" data-id=\"133e326\" data-element_type=\"widget\" data-e-type=\"widget\" data-widget_type=\"heading.default\">\n\t\t\t\t<div class=\"elementor-widget-container\">\n\t\t\t\t\t<h2 class=\"elementor-heading-title elementor-size-default\">SIMEM <span>ANLAGENBAU<\/span><\/h2>\t\t\t\t<\/div>\n\t\t\t\t<\/div>\n\t\t\t\t<div class=\"elementor-element elementor-element-7082d53c elementor-widget elementor-widget-text-editor\" data-id=\"7082d53c\" data-element_type=\"widget\" data-e-type=\"widget\" data-widget_type=\"text-editor.default\">\n\t\t\t\t<div class=\"elementor-widget-container\">\n\t\t\t\t\t\t\t\t\t<p>SIMEM \u00fcbernimmt Planung, Bau und Installation von Zwangsmischern sowie automatisierten Dosier- und Fertigteilanlagen f\u00fcr einige der wichtigsten Bauprojekte weltweit.<\/p><p>Die Produktpalette umfasst verschiedenste L\u00f6sungen: Turm- und Reihenanlagen, Mobil- und Supermobilanlagen, Betonrecyclinganlagen und Fertigteilwerke, Karusselle und Injektionsanlagen.<\/p><p>F\u00fcr die Anlagenautomatisierung wurde SIMEM@TIC entwickelt, eine innovative Software zur Steuerung von Betonmischanlagen, die an vielen verschiedenen Standorten in einem Unternehmensnetzwerk eingesetzt werden kann und ein umf\u00e4ngliches Remote-Service erm\u00f6glicht.<\/p>\t\t\t\t\t\t\t\t<\/div>\n\t\t\t\t<\/div>\n\t\t\t\t\t<\/div>\n\t\t<\/div>\n\t\t\t\t\t<\/div>\n\t\t<\/section>\n\t\t\t\t\t<\/div>\n\t\t<\/div>\n\t\t\t\t\t<\/div>\n\t\t<\/section>\n\t\t\t\t<\/div>\n\t\t","protected":false},"excerpt":{"rendered":"<p>SIMEM ANLAGENBAU SIMEM \u00fcbernimmt Planung, Bau und Installation von Zwangsmischern sowie automatisierten Dosier- und Fertigteilanlagen f\u00fcr einige der wichtigsten Bauprojekte weltweit. Die Produktpalette umfasst verschiedenste L\u00f6sungen: Turm- und Reihenanlagen, Mobil- und Supermobilanlagen, Betonrecyclinganlagen und Fertigteilwerke, Karusselle und Injektionsanlagen. F\u00fcr die Anlagenautomatisierung wurde SIMEM@TIC entwickelt, eine innovative Software zur Steuerung von Betonmischanlagen, die an vielen verschiedenen [&hellip;]<\/p>\n","protected":false},"author":1,"featured_media":11533,"parent":4555,"menu_order":88,"comment_status":"closed","ping_status":"closed","template":"page-templates\/page-plants.php","meta":{"_acf_changed":false,"footnotes":""},"class_list":["post-4618","page","type-page","status-publish","has-post-thumbnail","hentry"],"acf":[],"yoast_head":"<!-- This site is optimized with the Yoast SEO plugin v27.1 - https:\/\/yoast.com\/product\/yoast-seo-wordpress\/ -->\n<title>Anlagenbau - Simem<\/title>\n<meta name=\"robots\" content=\"index, follow, max-snippet:-1, max-image-preview:large, max-video-preview:-1\" \/>\n<link rel=\"canonical\" href=\"https:\/\/simem.com\/de\/produkte\/anlagenbau\/\" \/>\n<meta property=\"og:locale\" content=\"de_DE\" \/>\n<meta property=\"og:type\" content=\"article\" \/>\n<meta property=\"og:title\" content=\"Anlagenbau - Simem\" \/>\n<meta property=\"og:description\" content=\"SIMEM ANLAGENBAU SIMEM \u00fcbernimmt Planung, Bau und Installation von Zwangsmischern sowie automatisierten Dosier- und Fertigteilanlagen f\u00fcr einige der wichtigsten Bauprojekte weltweit. Die Produktpalette umfasst verschiedenste L\u00f6sungen: Turm- und Reihenanlagen, Mobil- und Supermobilanlagen, Betonrecyclinganlagen und Fertigteilwerke, Karusselle und Injektionsanlagen. F\u00fcr die Anlagenautomatisierung wurde SIMEM@TIC entwickelt, eine innovative Software zur Steuerung von Betonmischanlagen, die an vielen verschiedenen [&hellip;]\" \/>\n<meta property=\"og:url\" content=\"https:\/\/simem.com\/de\/produkte\/anlagenbau\/\" \/>\n<meta property=\"og:site_name\" content=\"Simem\" \/>\n<meta property=\"article:publisher\" content=\"https:\/\/www.facebook.com\/simemgroup\" \/>\n<meta property=\"article:modified_time\" content=\"2024-07-30T13:06:53+00:00\" \/>\n<meta property=\"og:image\" content=\"https:\/\/simem.com\/wp-content\/uploads\/2024\/07\/Simem_Batching_Plants_Eagle_01.jpg\" \/>\n\t<meta property=\"og:image:width\" content=\"1920\" \/>\n\t<meta property=\"og:image:height\" content=\"1920\" \/>\n\t<meta property=\"og:image:type\" content=\"image\/jpeg\" \/>\n<meta name=\"twitter:card\" content=\"summary_large_image\" \/>\n<script type=\"application\/ld+json\" class=\"yoast-schema-graph\">{\"@context\":\"https:\/\/schema.org\",\"@graph\":[{\"@type\":\"WebPage\",\"@id\":\"https:\/\/simem.com\/de\/produkte\/anlagenbau\/\",\"url\":\"https:\/\/simem.com\/de\/produkte\/anlagenbau\/\",\"name\":\"Anlagenbau - Simem\",\"isPartOf\":{\"@id\":\"https:\/\/simem.com\/it\/#website\"},\"primaryImageOfPage\":{\"@id\":\"https:\/\/simem.com\/de\/produkte\/anlagenbau\/#primaryimage\"},\"image\":{\"@id\":\"https:\/\/simem.com\/de\/produkte\/anlagenbau\/#primaryimage\"},\"thumbnailUrl\":\"https:\/\/simem.com\/wp-content\/uploads\/2024\/07\/Simem_Batching_Plants_Eagle_01.jpg\",\"datePublished\":\"2021-06-17T08:36:59+00:00\",\"dateModified\":\"2024-07-30T13:06:53+00:00\",\"breadcrumb\":{\"@id\":\"https:\/\/simem.com\/de\/produkte\/anlagenbau\/#breadcrumb\"},\"inLanguage\":\"de\",\"potentialAction\":[{\"@type\":\"ReadAction\",\"target\":[\"https:\/\/simem.com\/de\/produkte\/anlagenbau\/\"]}]},{\"@type\":\"ImageObject\",\"inLanguage\":\"de\",\"@id\":\"https:\/\/simem.com\/de\/produkte\/anlagenbau\/#primaryimage\",\"url\":\"https:\/\/simem.com\/wp-content\/uploads\/2024\/07\/Simem_Batching_Plants_Eagle_01.jpg\",\"contentUrl\":\"https:\/\/simem.com\/wp-content\/uploads\/2024\/07\/Simem_Batching_Plants_Eagle_01.jpg\",\"width\":1920,\"height\":1920},{\"@type\":\"BreadcrumbList\",\"@id\":\"https:\/\/simem.com\/de\/produkte\/anlagenbau\/#breadcrumb\",\"itemListElement\":[{\"@type\":\"ListItem\",\"position\":1,\"name\":\"Home\",\"item\":\"https:\/\/simem.com\/de\/home-de\/\"},{\"@type\":\"ListItem\",\"position\":2,\"name\":\"Produkte\",\"item\":\"https:\/\/simem.com\/de\/produkte\/\"},{\"@type\":\"ListItem\",\"position\":3,\"name\":\"Anlagenbau\"}]},{\"@type\":\"WebSite\",\"@id\":\"https:\/\/simem.com\/it\/#website\",\"url\":\"https:\/\/simem.com\/it\/\",\"name\":\"Simem\",\"description\":\"Concrete future solutions\",\"publisher\":{\"@id\":\"https:\/\/simem.com\/it\/#organization\"},\"potentialAction\":[{\"@type\":\"SearchAction\",\"target\":{\"@type\":\"EntryPoint\",\"urlTemplate\":\"https:\/\/simem.com\/it\/?s={search_term_string}\"},\"query-input\":{\"@type\":\"PropertyValueSpecification\",\"valueRequired\":true,\"valueName\":\"search_term_string\"}}],\"inLanguage\":\"de\"},{\"@type\":\"Organization\",\"@id\":\"https:\/\/simem.com\/it\/#organization\",\"name\":\"Simem\",\"url\":\"https:\/\/simem.com\/it\/\",\"logo\":{\"@type\":\"ImageObject\",\"inLanguage\":\"de\",\"@id\":\"https:\/\/simem.com\/it\/#\/schema\/logo\/image\/\",\"url\":\"https:\/\/simem.com\/wp-content\/uploads\/2021\/06\/logo_aquila.png\",\"contentUrl\":\"https:\/\/simem.com\/wp-content\/uploads\/2021\/06\/logo_aquila.png\",\"width\":193,\"height\":172,\"caption\":\"Simem\"},\"image\":{\"@id\":\"https:\/\/simem.com\/it\/#\/schema\/logo\/image\/\"},\"sameAs\":[\"https:\/\/www.facebook.com\/simemgroup\",\"https:\/\/www.linkedin.com\/company\/simem-s-p-a-\/\",\"https:\/\/www.youtube.com\/user\/SimemSpa\"]}]}<\/script>\n<!-- \/ Yoast SEO plugin. -->","yoast_head_json":{"title":"Anlagenbau - Simem","robots":{"index":"index","follow":"follow","max-snippet":"max-snippet:-1","max-image-preview":"max-image-preview:large","max-video-preview":"max-video-preview:-1"},"canonical":"https:\/\/simem.com\/de\/produkte\/anlagenbau\/","og_locale":"de_DE","og_type":"article","og_title":"Anlagenbau - Simem","og_description":"SIMEM ANLAGENBAU SIMEM \u00fcbernimmt Planung, Bau und Installation von Zwangsmischern sowie automatisierten Dosier- und Fertigteilanlagen f\u00fcr einige der wichtigsten Bauprojekte weltweit. Die Produktpalette umfasst verschiedenste L\u00f6sungen: Turm- und Reihenanlagen, Mobil- und Supermobilanlagen, Betonrecyclinganlagen und Fertigteilwerke, Karusselle und Injektionsanlagen. F\u00fcr die Anlagenautomatisierung wurde SIMEM@TIC entwickelt, eine innovative Software zur Steuerung von Betonmischanlagen, die an vielen verschiedenen [&hellip;]","og_url":"https:\/\/simem.com\/de\/produkte\/anlagenbau\/","og_site_name":"Simem","article_publisher":"https:\/\/www.facebook.com\/simemgroup","article_modified_time":"2024-07-30T13:06:53+00:00","og_image":[{"width":1920,"height":1920,"url":"https:\/\/simem.com\/wp-content\/uploads\/2024\/07\/Simem_Batching_Plants_Eagle_01.jpg","type":"image\/jpeg"}],"twitter_card":"summary_large_image","schema":{"@context":"https:\/\/schema.org","@graph":[{"@type":"WebPage","@id":"https:\/\/simem.com\/de\/produkte\/anlagenbau\/","url":"https:\/\/simem.com\/de\/produkte\/anlagenbau\/","name":"Anlagenbau - Simem","isPartOf":{"@id":"https:\/\/simem.com\/it\/#website"},"primaryImageOfPage":{"@id":"https:\/\/simem.com\/de\/produkte\/anlagenbau\/#primaryimage"},"image":{"@id":"https:\/\/simem.com\/de\/produkte\/anlagenbau\/#primaryimage"},"thumbnailUrl":"https:\/\/simem.com\/wp-content\/uploads\/2024\/07\/Simem_Batching_Plants_Eagle_01.jpg","datePublished":"2021-06-17T08:36:59+00:00","dateModified":"2024-07-30T13:06:53+00:00","breadcrumb":{"@id":"https:\/\/simem.com\/de\/produkte\/anlagenbau\/#breadcrumb"},"inLanguage":"de","potentialAction":[{"@type":"ReadAction","target":["https:\/\/simem.com\/de\/produkte\/anlagenbau\/"]}]},{"@type":"ImageObject","inLanguage":"de","@id":"https:\/\/simem.com\/de\/produkte\/anlagenbau\/#primaryimage","url":"https:\/\/simem.com\/wp-content\/uploads\/2024\/07\/Simem_Batching_Plants_Eagle_01.jpg","contentUrl":"https:\/\/simem.com\/wp-content\/uploads\/2024\/07\/Simem_Batching_Plants_Eagle_01.jpg","width":1920,"height":1920},{"@type":"BreadcrumbList","@id":"https:\/\/simem.com\/de\/produkte\/anlagenbau\/#breadcrumb","itemListElement":[{"@type":"ListItem","position":1,"name":"Home","item":"https:\/\/simem.com\/de\/home-de\/"},{"@type":"ListItem","position":2,"name":"Produkte","item":"https:\/\/simem.com\/de\/produkte\/"},{"@type":"ListItem","position":3,"name":"Anlagenbau"}]},{"@type":"WebSite","@id":"https:\/\/simem.com\/it\/#website","url":"https:\/\/simem.com\/it\/","name":"Simem","description":"Concrete future solutions","publisher":{"@id":"https:\/\/simem.com\/it\/#organization"},"potentialAction":[{"@type":"SearchAction","target":{"@type":"EntryPoint","urlTemplate":"https:\/\/simem.com\/it\/?s={search_term_string}"},"query-input":{"@type":"PropertyValueSpecification","valueRequired":true,"valueName":"search_term_string"}}],"inLanguage":"de"},{"@type":"Organization","@id":"https:\/\/simem.com\/it\/#organization","name":"Simem","url":"https:\/\/simem.com\/it\/","logo":{"@type":"ImageObject","inLanguage":"de","@id":"https:\/\/simem.com\/it\/#\/schema\/logo\/image\/","url":"https:\/\/simem.com\/wp-content\/uploads\/2021\/06\/logo_aquila.png","contentUrl":"https:\/\/simem.com\/wp-content\/uploads\/2021\/06\/logo_aquila.png","width":193,"height":172,"caption":"Simem"},"image":{"@id":"https:\/\/simem.com\/it\/#\/schema\/logo\/image\/"},"sameAs":["https:\/\/www.facebook.com\/simemgroup","https:\/\/www.linkedin.com\/company\/simem-s-p-a-\/","https:\/\/www.youtube.com\/user\/SimemSpa"]}]}},"_links":{"self":[{"href":"https:\/\/simem.com\/de\/wp-json\/wp\/v2\/pages\/4618","targetHints":{"allow":["GET"]}}],"collection":[{"href":"https:\/\/simem.com\/de\/wp-json\/wp\/v2\/pages"}],"about":[{"href":"https:\/\/simem.com\/de\/wp-json\/wp\/v2\/types\/page"}],"author":[{"embeddable":true,"href":"https:\/\/simem.com\/de\/wp-json\/wp\/v2\/users\/1"}],"replies":[{"embeddable":true,"href":"https:\/\/simem.com\/de\/wp-json\/wp\/v2\/comments?post=4618"}],"version-history":[{"count":14,"href":"https:\/\/simem.com\/de\/wp-json\/wp\/v2\/pages\/4618\/revisions"}],"predecessor-version":[{"id":11743,"href":"https:\/\/simem.com\/de\/wp-json\/wp\/v2\/pages\/4618\/revisions\/11743"}],"up":[{"embeddable":true,"href":"https:\/\/simem.com\/de\/wp-json\/wp\/v2\/pages\/4555"}],"wp:featuredmedia":[{"embeddable":true,"href":"https:\/\/simem.com\/de\/wp-json\/wp\/v2\/media\/11533"}],"wp:attachment":[{"href":"https:\/\/simem.com\/de\/wp-json\/wp\/v2\/media?parent=4618"}],"curies":[{"name":"wp","href":"https:\/\/api.w.org\/{rel}","templated":true}]}}