{"id":4649,"date":"2021-06-16T14:52:57","date_gmt":"2021-06-16T12:52:57","guid":{"rendered":"https:\/\/simem.com\/applicazioni\/ready-mix\/"},"modified":"2024-07-29T16:37:25","modified_gmt":"2024-07-29T14:37:25","slug":"calcestruzzo-preconfezionato","status":"publish","type":"page","link":"https:\/\/simem.com\/it\/applicazioni\/calcestruzzo-preconfezionato\/","title":{"rendered":"Calcestruzzo Preconfezionato"},"content":{"rendered":"\t\t<div data-elementor-type=\"wp-page\" data-elementor-id=\"4649\" class=\"elementor elementor-4649 elementor-279\">\n\t\t\t\t\t\t<section class=\"elementor-section elementor-top-section elementor-element elementor-element-3457e4d elementor-section-content-middle elementor-section-boxed elementor-section-height-default elementor-section-height-default\" data-id=\"3457e4d\" data-element_type=\"section\" data-e-type=\"section\">\n\t\t\t\t\t\t<div class=\"elementor-container elementor-column-gap-default\">\n\t\t\t\t\t<div class=\"elementor-column elementor-col-33 elementor-top-column elementor-element elementor-element-4adee956\" data-id=\"4adee956\" data-element_type=\"column\" data-e-type=\"column\" data-settings=\"{&quot;background_background&quot;:&quot;classic&quot;}\">\n\t\t\t<div class=\"elementor-widget-wrap elementor-element-populated\">\n\t\t\t\t\t\t<div class=\"elementor-element elementor-element-ff325bc elementor-widget elementor-widget-heading\" data-id=\"ff325bc\" data-element_type=\"widget\" data-e-type=\"widget\" data-widget_type=\"heading.default\">\n\t\t\t\t<div class=\"elementor-widget-container\">\n\t\t\t\t\t<h2 class=\"elementor-heading-title elementor-size-default\">Soluzioni integrate per CALCESTRUZZO \n<\/h2>\t\t\t\t<\/div>\n\t\t\t\t<\/div>\n\t\t\t\t\t<\/div>\n\t\t<\/div>\n\t\t\t\t<div class=\"elementor-column elementor-col-66 elementor-top-column elementor-element elementor-element-572cc15c\" data-id=\"572cc15c\" data-element_type=\"column\" data-e-type=\"column\">\n\t\t\t<div class=\"elementor-widget-wrap elementor-element-populated\">\n\t\t\t\t\t\t<div class=\"elementor-element elementor-element-7481d61e elementor-widget elementor-widget-heading\" data-id=\"7481d61e\" data-element_type=\"widget\" data-e-type=\"widget\" data-widget_type=\"heading.default\">\n\t\t\t\t<div class=\"elementor-widget-container\">\n\t\t\t\t\t<h3 class=\"elementor-heading-title elementor-size-default\">CALCESTRUZZO PRECONFEZIONATO<\/h3>\t\t\t\t<\/div>\n\t\t\t\t<\/div>\n\t\t\t\t<div class=\"elementor-element elementor-element-b311301 elementor-widget elementor-widget-text-editor\" data-id=\"b311301\" data-element_type=\"widget\" data-e-type=\"widget\" data-widget_type=\"text-editor.default\">\n\t\t\t\t<div class=\"elementor-widget-container\">\n\t\t\t\t\t\t\t\t\t<p>Simem offre un&#8217;ampia gamma di soluzioni per ready mix e viene considerato un attore integrato nella filiera, gestendo i progetti dal design, alla produzione fino all&#8217;installazione degli impianti. I mescolatori, il vero cuore dei nostri impianti, sono progettati e costruiti internamente per poi essere integrati negli impianti: solo cos\u00ec saranno in grado di assicurare perfomance eccellenti. La modularit\u00e0 delle nostre strutture e la flessibilit\u00e0 dei componenti permettono al nostro equipaggiamento di rispondere in tempo reale alle richieste del mercato con prodotti perfomanti con tempi di reazione brevi.<\/p>\t\t\t\t\t\t\t\t<\/div>\n\t\t\t\t<\/div>\n\t\t\t\t\t<\/div>\n\t\t<\/div>\n\t\t\t\t\t<\/div>\n\t\t<\/section>\n\t\t\t\t<\/div>\n\t\t","protected":false},"excerpt":{"rendered":"<p>Soluzioni integrate per CALCESTRUZZO CALCESTRUZZO PRECONFEZIONATO Simem offre un&#8217;ampia gamma di soluzioni per ready mix e viene considerato un attore integrato nella filiera, gestendo i progetti dal design, alla produzione fino all&#8217;installazione degli impianti. I mescolatori, il vero cuore dei nostri impianti, sono progettati e costruiti internamente per poi essere integrati negli impianti: solo cos\u00ec [&hellip;]<\/p>\n","protected":false},"author":1,"featured_media":4046,"parent":4103,"menu_order":51,"comment_status":"closed","ping_status":"closed","template":"page-templates\/page-industries_detail.php","meta":{"_acf_changed":false,"footnotes":""},"class_list":["post-4649","page","type-page","status-publish","has-post-thumbnail","hentry"],"acf":[],"yoast_head":"<!-- This site is optimized with the Yoast SEO plugin v27.1 - https:\/\/yoast.com\/product\/yoast-seo-wordpress\/ -->\n<title>Calcestruzzo Preconfezionato - Simem<\/title>\n<meta name=\"robots\" content=\"index, follow, max-snippet:-1, max-image-preview:large, max-video-preview:-1\" \/>\n<link rel=\"canonical\" href=\"https:\/\/simem.com\/it\/applicazioni\/calcestruzzo-preconfezionato\/\" \/>\n<meta property=\"og:locale\" content=\"it_IT\" \/>\n<meta property=\"og:type\" content=\"article\" \/>\n<meta property=\"og:title\" content=\"Calcestruzzo Preconfezionato - Simem\" \/>\n<meta property=\"og:description\" content=\"Soluzioni integrate per CALCESTRUZZO CALCESTRUZZO PRECONFEZIONATO Simem offre un&#8217;ampia gamma di soluzioni per ready mix e viene considerato un attore integrato nella filiera, gestendo i progetti dal design, alla produzione fino all&#8217;installazione degli impianti. I mescolatori, il vero cuore dei nostri impianti, sono progettati e costruiti internamente per poi essere integrati negli impianti: solo cos\u00ec [&hellip;]\" \/>\n<meta property=\"og:url\" content=\"https:\/\/simem.com\/it\/applicazioni\/calcestruzzo-preconfezionato\/\" \/>\n<meta property=\"og:site_name\" content=\"Simem\" \/>\n<meta property=\"article:publisher\" content=\"https:\/\/www.facebook.com\/simemgroup\" \/>\n<meta property=\"article:modified_time\" content=\"2024-07-29T14:37:25+00:00\" \/>\n<meta property=\"og:image\" content=\"https:\/\/simem.com\/wp-content\/uploads\/2021\/10\/20210806_125819-cut.png\" \/>\n\t<meta property=\"og:image:width\" content=\"748\" \/>\n\t<meta property=\"og:image:height\" content=\"1092\" \/>\n\t<meta property=\"og:image:type\" content=\"image\/png\" \/>\n<meta name=\"twitter:card\" content=\"summary_large_image\" \/>\n<script type=\"application\/ld+json\" class=\"yoast-schema-graph\">{\"@context\":\"https:\/\/schema.org\",\"@graph\":[{\"@type\":\"WebPage\",\"@id\":\"https:\/\/simem.com\/it\/applicazioni\/calcestruzzo-preconfezionato\/\",\"url\":\"https:\/\/simem.com\/it\/applicazioni\/calcestruzzo-preconfezionato\/\",\"name\":\"Calcestruzzo Preconfezionato - Simem\",\"isPartOf\":{\"@id\":\"https:\/\/simem.com\/it\/#website\"},\"primaryImageOfPage\":{\"@id\":\"https:\/\/simem.com\/it\/applicazioni\/calcestruzzo-preconfezionato\/#primaryimage\"},\"image\":{\"@id\":\"https:\/\/simem.com\/it\/applicazioni\/calcestruzzo-preconfezionato\/#primaryimage\"},\"thumbnailUrl\":\"https:\/\/simem.com\/wp-content\/uploads\/2021\/10\/20210806_125819-cut.png\",\"datePublished\":\"2021-06-16T12:52:57+00:00\",\"dateModified\":\"2024-07-29T14:37:25+00:00\",\"breadcrumb\":{\"@id\":\"https:\/\/simem.com\/it\/applicazioni\/calcestruzzo-preconfezionato\/#breadcrumb\"},\"inLanguage\":\"it-IT\",\"potentialAction\":[{\"@type\":\"ReadAction\",\"target\":[\"https:\/\/simem.com\/it\/applicazioni\/calcestruzzo-preconfezionato\/\"]}]},{\"@type\":\"ImageObject\",\"inLanguage\":\"it-IT\",\"@id\":\"https:\/\/simem.com\/it\/applicazioni\/calcestruzzo-preconfezionato\/#primaryimage\",\"url\":\"https:\/\/simem.com\/wp-content\/uploads\/2021\/10\/20210806_125819-cut.png\",\"contentUrl\":\"https:\/\/simem.com\/wp-content\/uploads\/2021\/10\/20210806_125819-cut.png\",\"width\":748,\"height\":1092},{\"@type\":\"BreadcrumbList\",\"@id\":\"https:\/\/simem.com\/it\/applicazioni\/calcestruzzo-preconfezionato\/#breadcrumb\",\"itemListElement\":[{\"@type\":\"ListItem\",\"position\":1,\"name\":\"Home\",\"item\":\"https:\/\/simem.com\/it\/\"},{\"@type\":\"ListItem\",\"position\":2,\"name\":\"Applicazioni\",\"item\":\"https:\/\/simem.com\/it\/applicazioni\/\"},{\"@type\":\"ListItem\",\"position\":3,\"name\":\"Calcestruzzo Preconfezionato\"}]},{\"@type\":\"WebSite\",\"@id\":\"https:\/\/simem.com\/it\/#website\",\"url\":\"https:\/\/simem.com\/it\/\",\"name\":\"Simem\",\"description\":\"Concrete future solutions\",\"publisher\":{\"@id\":\"https:\/\/simem.com\/it\/#organization\"},\"potentialAction\":[{\"@type\":\"SearchAction\",\"target\":{\"@type\":\"EntryPoint\",\"urlTemplate\":\"https:\/\/simem.com\/it\/?s={search_term_string}\"},\"query-input\":{\"@type\":\"PropertyValueSpecification\",\"valueRequired\":true,\"valueName\":\"search_term_string\"}}],\"inLanguage\":\"it-IT\"},{\"@type\":\"Organization\",\"@id\":\"https:\/\/simem.com\/it\/#organization\",\"name\":\"Simem\",\"url\":\"https:\/\/simem.com\/it\/\",\"logo\":{\"@type\":\"ImageObject\",\"inLanguage\":\"it-IT\",\"@id\":\"https:\/\/simem.com\/it\/#\/schema\/logo\/image\/\",\"url\":\"https:\/\/simem.com\/wp-content\/uploads\/2021\/06\/logo_aquila.png\",\"contentUrl\":\"https:\/\/simem.com\/wp-content\/uploads\/2021\/06\/logo_aquila.png\",\"width\":193,\"height\":172,\"caption\":\"Simem\"},\"image\":{\"@id\":\"https:\/\/simem.com\/it\/#\/schema\/logo\/image\/\"},\"sameAs\":[\"https:\/\/www.facebook.com\/simemgroup\",\"https:\/\/www.linkedin.com\/company\/simem-s-p-a-\/\",\"https:\/\/www.youtube.com\/user\/SimemSpa\"]}]}<\/script>\n<!-- \/ Yoast SEO plugin. -->","yoast_head_json":{"title":"Calcestruzzo Preconfezionato - Simem","robots":{"index":"index","follow":"follow","max-snippet":"max-snippet:-1","max-image-preview":"max-image-preview:large","max-video-preview":"max-video-preview:-1"},"canonical":"https:\/\/simem.com\/it\/applicazioni\/calcestruzzo-preconfezionato\/","og_locale":"it_IT","og_type":"article","og_title":"Calcestruzzo Preconfezionato - Simem","og_description":"Soluzioni integrate per CALCESTRUZZO CALCESTRUZZO PRECONFEZIONATO Simem offre un&#8217;ampia gamma di soluzioni per ready mix e viene considerato un attore integrato nella filiera, gestendo i progetti dal design, alla produzione fino all&#8217;installazione degli impianti. I mescolatori, il vero cuore dei nostri impianti, sono progettati e costruiti internamente per poi essere integrati negli impianti: solo cos\u00ec [&hellip;]","og_url":"https:\/\/simem.com\/it\/applicazioni\/calcestruzzo-preconfezionato\/","og_site_name":"Simem","article_publisher":"https:\/\/www.facebook.com\/simemgroup","article_modified_time":"2024-07-29T14:37:25+00:00","og_image":[{"width":748,"height":1092,"url":"https:\/\/simem.com\/wp-content\/uploads\/2021\/10\/20210806_125819-cut.png","type":"image\/png"}],"twitter_card":"summary_large_image","schema":{"@context":"https:\/\/schema.org","@graph":[{"@type":"WebPage","@id":"https:\/\/simem.com\/it\/applicazioni\/calcestruzzo-preconfezionato\/","url":"https:\/\/simem.com\/it\/applicazioni\/calcestruzzo-preconfezionato\/","name":"Calcestruzzo Preconfezionato - Simem","isPartOf":{"@id":"https:\/\/simem.com\/it\/#website"},"primaryImageOfPage":{"@id":"https:\/\/simem.com\/it\/applicazioni\/calcestruzzo-preconfezionato\/#primaryimage"},"image":{"@id":"https:\/\/simem.com\/it\/applicazioni\/calcestruzzo-preconfezionato\/#primaryimage"},"thumbnailUrl":"https:\/\/simem.com\/wp-content\/uploads\/2021\/10\/20210806_125819-cut.png","datePublished":"2021-06-16T12:52:57+00:00","dateModified":"2024-07-29T14:37:25+00:00","breadcrumb":{"@id":"https:\/\/simem.com\/it\/applicazioni\/calcestruzzo-preconfezionato\/#breadcrumb"},"inLanguage":"it-IT","potentialAction":[{"@type":"ReadAction","target":["https:\/\/simem.com\/it\/applicazioni\/calcestruzzo-preconfezionato\/"]}]},{"@type":"ImageObject","inLanguage":"it-IT","@id":"https:\/\/simem.com\/it\/applicazioni\/calcestruzzo-preconfezionato\/#primaryimage","url":"https:\/\/simem.com\/wp-content\/uploads\/2021\/10\/20210806_125819-cut.png","contentUrl":"https:\/\/simem.com\/wp-content\/uploads\/2021\/10\/20210806_125819-cut.png","width":748,"height":1092},{"@type":"BreadcrumbList","@id":"https:\/\/simem.com\/it\/applicazioni\/calcestruzzo-preconfezionato\/#breadcrumb","itemListElement":[{"@type":"ListItem","position":1,"name":"Home","item":"https:\/\/simem.com\/it\/"},{"@type":"ListItem","position":2,"name":"Applicazioni","item":"https:\/\/simem.com\/it\/applicazioni\/"},{"@type":"ListItem","position":3,"name":"Calcestruzzo Preconfezionato"}]},{"@type":"WebSite","@id":"https:\/\/simem.com\/it\/#website","url":"https:\/\/simem.com\/it\/","name":"Simem","description":"Concrete future solutions","publisher":{"@id":"https:\/\/simem.com\/it\/#organization"},"potentialAction":[{"@type":"SearchAction","target":{"@type":"EntryPoint","urlTemplate":"https:\/\/simem.com\/it\/?s={search_term_string}"},"query-input":{"@type":"PropertyValueSpecification","valueRequired":true,"valueName":"search_term_string"}}],"inLanguage":"it-IT"},{"@type":"Organization","@id":"https:\/\/simem.com\/it\/#organization","name":"Simem","url":"https:\/\/simem.com\/it\/","logo":{"@type":"ImageObject","inLanguage":"it-IT","@id":"https:\/\/simem.com\/it\/#\/schema\/logo\/image\/","url":"https:\/\/simem.com\/wp-content\/uploads\/2021\/06\/logo_aquila.png","contentUrl":"https:\/\/simem.com\/wp-content\/uploads\/2021\/06\/logo_aquila.png","width":193,"height":172,"caption":"Simem"},"image":{"@id":"https:\/\/simem.com\/it\/#\/schema\/logo\/image\/"},"sameAs":["https:\/\/www.facebook.com\/simemgroup","https:\/\/www.linkedin.com\/company\/simem-s-p-a-\/","https:\/\/www.youtube.com\/user\/SimemSpa"]}]}},"_links":{"self":[{"href":"https:\/\/simem.com\/it\/wp-json\/wp\/v2\/pages\/4649","targetHints":{"allow":["GET"]}}],"collection":[{"href":"https:\/\/simem.com\/it\/wp-json\/wp\/v2\/pages"}],"about":[{"href":"https:\/\/simem.com\/it\/wp-json\/wp\/v2\/types\/page"}],"author":[{"embeddable":true,"href":"https:\/\/simem.com\/it\/wp-json\/wp\/v2\/users\/1"}],"replies":[{"embeddable":true,"href":"https:\/\/simem.com\/it\/wp-json\/wp\/v2\/comments?post=4649"}],"version-history":[{"count":27,"href":"https:\/\/simem.com\/it\/wp-json\/wp\/v2\/pages\/4649\/revisions"}],"predecessor-version":[{"id":11615,"href":"https:\/\/simem.com\/it\/wp-json\/wp\/v2\/pages\/4649\/revisions\/11615"}],"up":[{"embeddable":true,"href":"https:\/\/simem.com\/it\/wp-json\/wp\/v2\/pages\/4103"}],"wp:featuredmedia":[{"embeddable":true,"href":"https:\/\/simem.com\/it\/wp-json\/wp\/v2\/media\/4046"}],"wp:attachment":[{"href":"https:\/\/simem.com\/it\/wp-json\/wp\/v2\/media?parent=4649"}],"curies":[{"name":"wp","href":"https:\/\/api.w.org\/{rel}","templated":true}]}}