{"id":9860,"date":"2024-02-23T12:00:27","date_gmt":"2024-02-23T11:00:27","guid":{"rendered":"https:\/\/simem.com\/?page_id=9860"},"modified":"2025-12-19T09:21:38","modified_gmt":"2025-12-19T08:21:38","slug":"simem-mission-vision","status":"publish","type":"page","link":"https:\/\/simem.com\/it\/simem-mission-vision\/","title":{"rendered":"Mission&#038;Vision"},"content":{"rendered":"\t\t<div data-elementor-type=\"wp-page\" data-elementor-id=\"9860\" class=\"elementor elementor-9860 elementor-9843\">\n\t\t\t\t\t\t<section class=\"elementor-section elementor-top-section elementor-element elementor-element-cc77d2e elementor-section-boxed elementor-section-height-default elementor-section-height-default\" data-id=\"cc77d2e\" data-element_type=\"section\" data-e-type=\"section\">\n\t\t\t\t\t\t<div class=\"elementor-container elementor-column-gap-default\">\n\t\t\t\t\t<div class=\"elementor-column elementor-col-100 elementor-top-column elementor-element elementor-element-96d69e1\" data-id=\"96d69e1\" data-element_type=\"column\" data-e-type=\"column\">\n\t\t\t<div class=\"elementor-widget-wrap elementor-element-populated\">\n\t\t\t\t\t\t<div class=\"elementor-element elementor-element-c20f258 elementor-widget elementor-widget-heading\" data-id=\"c20f258\" data-element_type=\"widget\" data-e-type=\"widget\" data-widget_type=\"heading.default\">\n\t\t\t\t<div class=\"elementor-widget-container\">\n\t\t\t\t\t<h2 class=\"elementor-heading-title elementor-size-default\">Mission<\/h2>\t\t\t\t<\/div>\n\t\t\t\t<\/div>\n\t\t\t\t<div class=\"elementor-element elementor-element-04791c6 elementor-widget elementor-widget-text-editor\" data-id=\"04791c6\" data-element_type=\"widget\" data-e-type=\"widget\" data-widget_type=\"text-editor.default\">\n\t\t\t\t<div class=\"elementor-widget-container\">\n\t\t\t\t\t\t\t\t\t<p>Un&#8217;organizzazione <strong>capillare<\/strong> di marketing e vendita in grado di comprendere e soddisfare le esigenze di ogni <strong>cliente<\/strong>.<br \/><br \/>Un team multifunzionale di ricerca e <strong>sviluppo<\/strong> in grado di migliorare costantemente la <strong>tecnologia<\/strong> necessaria per progetti edilizi e ambientali.<br \/><br \/>Un efficiente servizio di <strong>assistenza<\/strong> che garantisce la massima soddisfazione del cliente: SIMEM vuole costruire rapporti commerciali a lungo termine con i suoi clienti per garantire continuit\u00e0, <strong>affidabilit\u00e0<\/strong> e adattamento degli impianti all&#8217;evoluzione sia dei processi che dei progetti per i quali sono progettati.<br \/><br \/>La Famiglia di Aziende Simem comprende aziende sparse nei principali mercati di USA, Canada, India e Germania.<\/p>\t\t\t\t\t\t\t\t<\/div>\n\t\t\t\t<\/div>\n\t\t\t\t\t<\/div>\n\t\t<\/div>\n\t\t\t\t\t<\/div>\n\t\t<\/section>\n\t\t\t\t<section class=\"elementor-section elementor-top-section elementor-element elementor-element-3d897f2 elementor-section-boxed elementor-section-height-default elementor-section-height-default\" data-id=\"3d897f2\" data-element_type=\"section\" data-e-type=\"section\">\n\t\t\t\t\t\t<div class=\"elementor-container elementor-column-gap-no\">\n\t\t\t\t\t<div class=\"elementor-column elementor-col-100 elementor-top-column elementor-element elementor-element-af43e6f\" data-id=\"af43e6f\" data-element_type=\"column\" data-e-type=\"column\">\n\t\t\t<div class=\"elementor-widget-wrap elementor-element-populated\">\n\t\t\t\t\t\t<div class=\"elementor-element elementor-element-a17eb34 elementor-widget elementor-widget-image\" data-id=\"a17eb34\" data-element_type=\"widget\" data-e-type=\"widget\" data-widget_type=\"image.default\">\n\t\t\t\t<div class=\"elementor-widget-container\">\n\t\t\t\t\t\t\t\t\t\t\t\t\t\t\t<img fetchpriority=\"high\" decoding=\"async\" width=\"1536\" height=\"723\" src=\"https:\/\/simem.com\/wp-content\/uploads\/2024\/02\/MISSIONVISION-1536x723.jpg\" class=\"attachment-1536x1536 size-1536x1536 wp-image-9856\" alt=\"\" srcset=\"https:\/\/simem.com\/wp-content\/uploads\/2024\/02\/MISSIONVISION-1536x723.jpg 1536w, https:\/\/simem.com\/wp-content\/uploads\/2024\/02\/MISSIONVISION-300x141.jpg 300w, https:\/\/simem.com\/wp-content\/uploads\/2024\/02\/MISSIONVISION-1024x482.jpg 1024w, https:\/\/simem.com\/wp-content\/uploads\/2024\/02\/MISSIONVISION-768x362.jpg 768w, https:\/\/simem.com\/wp-content\/uploads\/2024\/02\/MISSIONVISION.jpg 1920w\" sizes=\"(max-width: 1536px) 100vw, 1536px\" \/>\t\t\t\t\t\t\t\t\t\t\t\t\t\t\t<\/div>\n\t\t\t\t<\/div>\n\t\t\t\t\t<\/div>\n\t\t<\/div>\n\t\t\t\t\t<\/div>\n\t\t<\/section>\n\t\t\t\t<section class=\"elementor-section elementor-top-section elementor-element elementor-element-a2c20b4 elementor-section-boxed elementor-section-height-default elementor-section-height-default\" data-id=\"a2c20b4\" data-element_type=\"section\" data-e-type=\"section\">\n\t\t\t\t\t\t<div class=\"elementor-container elementor-column-gap-default\">\n\t\t\t\t\t<div class=\"elementor-column elementor-col-100 elementor-top-column elementor-element elementor-element-7a21756\" data-id=\"7a21756\" data-element_type=\"column\" data-e-type=\"column\">\n\t\t\t<div class=\"elementor-widget-wrap elementor-element-populated\">\n\t\t\t\t\t\t<div class=\"elementor-element elementor-element-1c6608b elementor-widget elementor-widget-heading\" data-id=\"1c6608b\" data-element_type=\"widget\" data-e-type=\"widget\" data-widget_type=\"heading.default\">\n\t\t\t\t<div class=\"elementor-widget-container\">\n\t\t\t\t\t<h2 class=\"elementor-heading-title elementor-size-default\">Vision<\/h2>\t\t\t\t<\/div>\n\t\t\t\t<\/div>\n\t\t\t\t<div class=\"elementor-element elementor-element-d9cdf35 elementor-widget elementor-widget-text-editor\" data-id=\"d9cdf35\" data-element_type=\"widget\" data-e-type=\"widget\" data-widget_type=\"text-editor.default\">\n\t\t\t\t<div class=\"elementor-widget-container\">\n\t\t\t\t\t\t\t\t\t<p>Dal 1963 SIMEM \u00e8 cresciuta costantemente fino a diventare un&#8217;azienda leader a livello <strong>mondiale<\/strong> nella progettazione e realizzazione di macchine e impianti di alta qualit\u00e0 per l&#8217;industria dell&#8217;<strong>edilizia<\/strong> e della protezione <strong>ambientale<\/strong> con l&#8217;obiettivo di contribuire a migliorare le <strong>infrastrutture<\/strong> per gli habitat umani in tutto il mondo.<br \/>L&#8217;azienda sar\u00e0 attiva e competitiva in tutti i principali mercati mondiali e si avvarr\u00e0 delle competenze delle persone che fanno parte delle aziende incluse nella \u201cfamiglia di aziende SIMEM\u201d.<\/p><p>Il nostro scopo \u00e8 fornire soluzioni <strong>integrate<\/strong> rappresentate da prodotti innovativi e servizi di <strong>ingegneria<\/strong> per progetti infrastrutturali che contribuiscano a creare luoghi adatti sia alle persone che agli ambienti.<\/p><p>Il nostro <strong>obiettivo professionale<\/strong> \u00e8 definire la migliore soluzione ingegneristica per ogni specifico progetto in cui i nostri clienti coinvolgono SIMEM come partner.<\/p>\t\t\t\t\t\t\t\t<\/div>\n\t\t\t\t<\/div>\n\t\t\t\t\t<\/div>\n\t\t<\/div>\n\t\t\t\t\t<\/div>\n\t\t<\/section>\n\t\t\t\t<section class=\"elementor-section elementor-top-section elementor-element elementor-element-46d137c elementor-section-boxed elementor-section-height-default elementor-section-height-default\" data-id=\"46d137c\" data-element_type=\"section\" data-e-type=\"section\">\n\t\t\t\t\t\t<div class=\"elementor-container elementor-column-gap-default\">\n\t\t\t\t\t<div class=\"elementor-column elementor-col-100 elementor-top-column elementor-element elementor-element-c8b8232\" data-id=\"c8b8232\" data-element_type=\"column\" data-e-type=\"column\">\n\t\t\t<div class=\"elementor-widget-wrap elementor-element-populated\">\n\t\t\t\t\t\t<div class=\"elementor-element elementor-element-1d56a2f elementor-widget elementor-widget-heading\" data-id=\"1d56a2f\" data-element_type=\"widget\" data-e-type=\"widget\" data-widget_type=\"heading.default\">\n\t\t\t\t<div class=\"elementor-widget-container\">\n\t\t\t\t\t<h2 class=\"elementor-heading-title elementor-size-default\">Compliance<\/h2>\t\t\t\t<\/div>\n\t\t\t\t<\/div>\n\t\t\t\t<div class=\"elementor-element elementor-element-fc3d2e4 elementor-widget elementor-widget-text-editor\" data-id=\"fc3d2e4\" data-element_type=\"widget\" data-e-type=\"widget\" data-widget_type=\"text-editor.default\">\n\t\t\t\t<div class=\"elementor-widget-container\">\n\t\t\t\t\t\t\t\t\t<p><i>Il rispetto della legge \u00e8 un dovere fondamentale di SIMEM ed \u00e8 una parte essenziale della sua responsabilit\u00e0 sociale, di cui costituisce la componente minima.<br \/>Al fine di tutelare il patrimonio e la reputazione aziendale nell\u2019interesse dei propri stakeholder e di perseguire il successo sostenibile, SIMEM si \u00e8 da tempo dotata di un proprio Codice Etico, ha adottato un Modello di organizzazione, gestione e controllo ai sensi del d.lgs. 231\/2001 e nominato un Organismo di vigilanza collegiale al quale \u00e8 stato affidato il compito di vigilare sul funzionamento e l\u2019osservanza dello stesso, nonch\u00e9 di curarne il relativo aggiornamento.<br \/>In conformit\u00e0 alla disciplina introdotta con d.lgs. 24\/2023, \u00e8 stato inoltre attivato un canale interno per la segnalazione di violazioni (c.d. Whistleblowing), la cui gestione \u00e8 stata affidata a un Comitato di Gestione delle segnalazioni appositamente istituito secondo quanto previsto dalla Policy Whistleblowing.<\/i><\/p>\t\t\t\t\t\t\t\t<\/div>\n\t\t\t\t<\/div>\n\t\t\t\t\t<\/div>\n\t\t<\/div>\n\t\t\t\t\t<\/div>\n\t\t<\/section>\n\t\t\t\t<section class=\"elementor-section elementor-top-section elementor-element elementor-element-4748a09 elementor-section-boxed elementor-section-height-default elementor-section-height-default\" data-id=\"4748a09\" data-element_type=\"section\" data-e-type=\"section\">\n\t\t\t\t\t\t<div class=\"elementor-container elementor-column-gap-default\">\n\t\t\t\t\t<div class=\"elementor-column elementor-col-33 elementor-top-column elementor-element elementor-element-48ea66f\" data-id=\"48ea66f\" data-element_type=\"column\" data-e-type=\"column\">\n\t\t\t<div class=\"elementor-widget-wrap elementor-element-populated\">\n\t\t\t\t\t\t<div class=\"elementor-element elementor-element-92a8dca elementor-widget elementor-widget-text-editor\" data-id=\"92a8dca\" data-element_type=\"widget\" data-e-type=\"widget\" data-widget_type=\"text-editor.default\">\n\t\t\t\t<div class=\"elementor-widget-container\">\n\t\t\t\t\t\t\t\t\t<h3><a href=\"https:\/\/simem.com\/wp-content\/uploads\/2023\/05\/2023_Codice_Etico_Simem.pdf\" target=\"_blank\" rel=\"noopener\">Codice Etico<\/a><\/h3>\t\t\t\t\t\t\t\t<\/div>\n\t\t\t\t<\/div>\n\t\t\t\t\t<\/div>\n\t\t<\/div>\n\t\t\t\t<div class=\"elementor-column elementor-col-33 elementor-top-column elementor-element elementor-element-8221f22\" data-id=\"8221f22\" data-element_type=\"column\" data-e-type=\"column\">\n\t\t\t<div class=\"elementor-widget-wrap elementor-element-populated\">\n\t\t\t\t\t\t<div class=\"elementor-element elementor-element-678ed5f elementor-widget elementor-widget-text-editor\" data-id=\"678ed5f\" data-element_type=\"widget\" data-e-type=\"widget\" data-widget_type=\"text-editor.default\">\n\t\t\t\t<div class=\"elementor-widget-container\">\n\t\t\t\t\t\t\t\t\t<h3><a href=\"https:\/\/simem.com\/wp-content\/uploads\/2025\/11\/SIMEM-Modello-231_Parte-generale_rev01.pdf\" target=\"_blank\" rel=\"noopener\">Modello 231<\/a><\/h3>\t\t\t\t\t\t\t\t<\/div>\n\t\t\t\t<\/div>\n\t\t\t\t\t<\/div>\n\t\t<\/div>\n\t\t\t\t<div class=\"elementor-column elementor-col-33 elementor-top-column elementor-element elementor-element-5941a15\" data-id=\"5941a15\" data-element_type=\"column\" data-e-type=\"column\">\n\t\t\t<div class=\"elementor-widget-wrap elementor-element-populated\">\n\t\t\t\t\t\t<div class=\"elementor-element elementor-element-f45ca8a elementor-widget elementor-widget-text-editor\" data-id=\"f45ca8a\" data-element_type=\"widget\" data-e-type=\"widget\" data-widget_type=\"text-editor.default\">\n\t\t\t\t<div class=\"elementor-widget-container\">\n\t\t\t\t\t\t\t\t\t<h3><a href=\"https:\/\/simem.com\/wp-content\/uploads\/2025\/11\/Whistleblowing-SIMEM-SPA_09072025.pdf\" target=\"_blank\" rel=\"noopener\">Whistleblowing<\/a><\/h3>\t\t\t\t\t\t\t\t<\/div>\n\t\t\t\t<\/div>\n\t\t\t\t\t<\/div>\n\t\t<\/div>\n\t\t\t\t\t<\/div>\n\t\t<\/section>\n\t\t\t\t<\/div>\n\t\t","protected":false},"excerpt":{"rendered":"<p>Mission Un&#8217;organizzazione capillare di marketing e vendita in grado di comprendere e soddisfare le esigenze di ogni cliente. Un team multifunzionale di ricerca e sviluppo in grado di migliorare costantemente la tecnologia necessaria per progetti edilizi e ambientali. Un efficiente servizio di assistenza che garantisce la massima soddisfazione del cliente: SIMEM vuole costruire rapporti commerciali [&hellip;]<\/p>\n","protected":false},"author":1,"featured_media":0,"parent":0,"menu_order":4,"comment_status":"closed","ping_status":"closed","template":"","meta":{"_acf_changed":false,"footnotes":""},"class_list":["post-9860","page","type-page","status-publish","hentry"],"acf":[],"yoast_head":"<!-- This site is optimized with the Yoast SEO plugin v27.1 - https:\/\/yoast.com\/product\/yoast-seo-wordpress\/ -->\n<title>Mission&amp;Vision - Simem<\/title>\n<meta name=\"robots\" content=\"index, follow, max-snippet:-1, max-image-preview:large, max-video-preview:-1\" \/>\n<link rel=\"canonical\" href=\"https:\/\/simem.com\/it\/simem-mission-vision\/\" \/>\n<meta property=\"og:locale\" content=\"it_IT\" \/>\n<meta property=\"og:type\" content=\"article\" \/>\n<meta property=\"og:title\" content=\"Mission&amp;Vision - Simem\" \/>\n<meta property=\"og:description\" content=\"Mission Un&#8217;organizzazione capillare di marketing e vendita in grado di comprendere e soddisfare le esigenze di ogni cliente. Un team multifunzionale di ricerca e sviluppo in grado di migliorare costantemente la tecnologia necessaria per progetti edilizi e ambientali. Un efficiente servizio di assistenza che garantisce la massima soddisfazione del cliente: SIMEM vuole costruire rapporti commerciali [&hellip;]\" \/>\n<meta property=\"og:url\" content=\"https:\/\/simem.com\/it\/simem-mission-vision\/\" \/>\n<meta property=\"og:site_name\" content=\"Simem\" \/>\n<meta property=\"article:publisher\" content=\"https:\/\/www.facebook.com\/simemgroup\" \/>\n<meta property=\"article:modified_time\" content=\"2025-12-19T08:21:38+00:00\" \/>\n<meta property=\"og:image\" content=\"https:\/\/simem.com\/wp-content\/uploads\/2024\/02\/MISSIONVISION.jpg\" \/>\n\t<meta property=\"og:image:width\" content=\"1920\" \/>\n\t<meta property=\"og:image:height\" content=\"904\" \/>\n\t<meta property=\"og:image:type\" content=\"image\/jpeg\" \/>\n<meta name=\"twitter:card\" content=\"summary_large_image\" \/>\n<meta name=\"twitter:label1\" content=\"Tempo di lettura stimato\" \/>\n\t<meta name=\"twitter:data1\" content=\"3 minuti\" \/>\n<script type=\"application\/ld+json\" class=\"yoast-schema-graph\">{\"@context\":\"https:\/\/schema.org\",\"@graph\":[{\"@type\":\"WebPage\",\"@id\":\"https:\/\/simem.com\/it\/simem-mission-vision\/\",\"url\":\"https:\/\/simem.com\/it\/simem-mission-vision\/\",\"name\":\"Mission&Vision - Simem\",\"isPartOf\":{\"@id\":\"https:\/\/simem.com\/it\/#website\"},\"primaryImageOfPage\":{\"@id\":\"https:\/\/simem.com\/it\/simem-mission-vision\/#primaryimage\"},\"image\":{\"@id\":\"https:\/\/simem.com\/it\/simem-mission-vision\/#primaryimage\"},\"thumbnailUrl\":\"https:\/\/simem.com\/wp-content\/uploads\/2024\/02\/MISSIONVISION-1536x723.jpg\",\"datePublished\":\"2024-02-23T11:00:27+00:00\",\"dateModified\":\"2025-12-19T08:21:38+00:00\",\"breadcrumb\":{\"@id\":\"https:\/\/simem.com\/it\/simem-mission-vision\/#breadcrumb\"},\"inLanguage\":\"it-IT\",\"potentialAction\":[{\"@type\":\"ReadAction\",\"target\":[\"https:\/\/simem.com\/it\/simem-mission-vision\/\"]}]},{\"@type\":\"ImageObject\",\"inLanguage\":\"it-IT\",\"@id\":\"https:\/\/simem.com\/it\/simem-mission-vision\/#primaryimage\",\"url\":\"https:\/\/simem.com\/wp-content\/uploads\/2024\/02\/MISSIONVISION-1536x723.jpg\",\"contentUrl\":\"https:\/\/simem.com\/wp-content\/uploads\/2024\/02\/MISSIONVISION-1536x723.jpg\"},{\"@type\":\"BreadcrumbList\",\"@id\":\"https:\/\/simem.com\/it\/simem-mission-vision\/#breadcrumb\",\"itemListElement\":[{\"@type\":\"ListItem\",\"position\":1,\"name\":\"Home\",\"item\":\"https:\/\/simem.com\/it\/\"},{\"@type\":\"ListItem\",\"position\":2,\"name\":\"Mission&#038;Vision\"}]},{\"@type\":\"WebSite\",\"@id\":\"https:\/\/simem.com\/it\/#website\",\"url\":\"https:\/\/simem.com\/it\/\",\"name\":\"Simem\",\"description\":\"Concrete future solutions\",\"publisher\":{\"@id\":\"https:\/\/simem.com\/it\/#organization\"},\"potentialAction\":[{\"@type\":\"SearchAction\",\"target\":{\"@type\":\"EntryPoint\",\"urlTemplate\":\"https:\/\/simem.com\/it\/?s={search_term_string}\"},\"query-input\":{\"@type\":\"PropertyValueSpecification\",\"valueRequired\":true,\"valueName\":\"search_term_string\"}}],\"inLanguage\":\"it-IT\"},{\"@type\":\"Organization\",\"@id\":\"https:\/\/simem.com\/it\/#organization\",\"name\":\"Simem\",\"url\":\"https:\/\/simem.com\/it\/\",\"logo\":{\"@type\":\"ImageObject\",\"inLanguage\":\"it-IT\",\"@id\":\"https:\/\/simem.com\/it\/#\/schema\/logo\/image\/\",\"url\":\"https:\/\/simem.com\/wp-content\/uploads\/2021\/06\/logo_aquila.png\",\"contentUrl\":\"https:\/\/simem.com\/wp-content\/uploads\/2021\/06\/logo_aquila.png\",\"width\":193,\"height\":172,\"caption\":\"Simem\"},\"image\":{\"@id\":\"https:\/\/simem.com\/it\/#\/schema\/logo\/image\/\"},\"sameAs\":[\"https:\/\/www.facebook.com\/simemgroup\",\"https:\/\/www.linkedin.com\/company\/simem-s-p-a-\/\",\"https:\/\/www.youtube.com\/user\/SimemSpa\"]}]}<\/script>\n<!-- \/ Yoast SEO plugin. -->","yoast_head_json":{"title":"Mission&Vision - Simem","robots":{"index":"index","follow":"follow","max-snippet":"max-snippet:-1","max-image-preview":"max-image-preview:large","max-video-preview":"max-video-preview:-1"},"canonical":"https:\/\/simem.com\/it\/simem-mission-vision\/","og_locale":"it_IT","og_type":"article","og_title":"Mission&Vision - Simem","og_description":"Mission Un&#8217;organizzazione capillare di marketing e vendita in grado di comprendere e soddisfare le esigenze di ogni cliente. Un team multifunzionale di ricerca e sviluppo in grado di migliorare costantemente la tecnologia necessaria per progetti edilizi e ambientali. Un efficiente servizio di assistenza che garantisce la massima soddisfazione del cliente: SIMEM vuole costruire rapporti commerciali [&hellip;]","og_url":"https:\/\/simem.com\/it\/simem-mission-vision\/","og_site_name":"Simem","article_publisher":"https:\/\/www.facebook.com\/simemgroup","article_modified_time":"2025-12-19T08:21:38+00:00","og_image":[{"width":1920,"height":904,"url":"https:\/\/simem.com\/wp-content\/uploads\/2024\/02\/MISSIONVISION.jpg","type":"image\/jpeg"}],"twitter_card":"summary_large_image","twitter_misc":{"Tempo di lettura stimato":"3 minuti"},"schema":{"@context":"https:\/\/schema.org","@graph":[{"@type":"WebPage","@id":"https:\/\/simem.com\/it\/simem-mission-vision\/","url":"https:\/\/simem.com\/it\/simem-mission-vision\/","name":"Mission&Vision - Simem","isPartOf":{"@id":"https:\/\/simem.com\/it\/#website"},"primaryImageOfPage":{"@id":"https:\/\/simem.com\/it\/simem-mission-vision\/#primaryimage"},"image":{"@id":"https:\/\/simem.com\/it\/simem-mission-vision\/#primaryimage"},"thumbnailUrl":"https:\/\/simem.com\/wp-content\/uploads\/2024\/02\/MISSIONVISION-1536x723.jpg","datePublished":"2024-02-23T11:00:27+00:00","dateModified":"2025-12-19T08:21:38+00:00","breadcrumb":{"@id":"https:\/\/simem.com\/it\/simem-mission-vision\/#breadcrumb"},"inLanguage":"it-IT","potentialAction":[{"@type":"ReadAction","target":["https:\/\/simem.com\/it\/simem-mission-vision\/"]}]},{"@type":"ImageObject","inLanguage":"it-IT","@id":"https:\/\/simem.com\/it\/simem-mission-vision\/#primaryimage","url":"https:\/\/simem.com\/wp-content\/uploads\/2024\/02\/MISSIONVISION-1536x723.jpg","contentUrl":"https:\/\/simem.com\/wp-content\/uploads\/2024\/02\/MISSIONVISION-1536x723.jpg"},{"@type":"BreadcrumbList","@id":"https:\/\/simem.com\/it\/simem-mission-vision\/#breadcrumb","itemListElement":[{"@type":"ListItem","position":1,"name":"Home","item":"https:\/\/simem.com\/it\/"},{"@type":"ListItem","position":2,"name":"Mission&#038;Vision"}]},{"@type":"WebSite","@id":"https:\/\/simem.com\/it\/#website","url":"https:\/\/simem.com\/it\/","name":"Simem","description":"Concrete future solutions","publisher":{"@id":"https:\/\/simem.com\/it\/#organization"},"potentialAction":[{"@type":"SearchAction","target":{"@type":"EntryPoint","urlTemplate":"https:\/\/simem.com\/it\/?s={search_term_string}"},"query-input":{"@type":"PropertyValueSpecification","valueRequired":true,"valueName":"search_term_string"}}],"inLanguage":"it-IT"},{"@type":"Organization","@id":"https:\/\/simem.com\/it\/#organization","name":"Simem","url":"https:\/\/simem.com\/it\/","logo":{"@type":"ImageObject","inLanguage":"it-IT","@id":"https:\/\/simem.com\/it\/#\/schema\/logo\/image\/","url":"https:\/\/simem.com\/wp-content\/uploads\/2021\/06\/logo_aquila.png","contentUrl":"https:\/\/simem.com\/wp-content\/uploads\/2021\/06\/logo_aquila.png","width":193,"height":172,"caption":"Simem"},"image":{"@id":"https:\/\/simem.com\/it\/#\/schema\/logo\/image\/"},"sameAs":["https:\/\/www.facebook.com\/simemgroup","https:\/\/www.linkedin.com\/company\/simem-s-p-a-\/","https:\/\/www.youtube.com\/user\/SimemSpa"]}]}},"_links":{"self":[{"href":"https:\/\/simem.com\/it\/wp-json\/wp\/v2\/pages\/9860","targetHints":{"allow":["GET"]}}],"collection":[{"href":"https:\/\/simem.com\/it\/wp-json\/wp\/v2\/pages"}],"about":[{"href":"https:\/\/simem.com\/it\/wp-json\/wp\/v2\/types\/page"}],"author":[{"embeddable":true,"href":"https:\/\/simem.com\/it\/wp-json\/wp\/v2\/users\/1"}],"replies":[{"embeddable":true,"href":"https:\/\/simem.com\/it\/wp-json\/wp\/v2\/comments?post=9860"}],"version-history":[{"count":15,"href":"https:\/\/simem.com\/it\/wp-json\/wp\/v2\/pages\/9860\/revisions"}],"predecessor-version":[{"id":14289,"href":"https:\/\/simem.com\/it\/wp-json\/wp\/v2\/pages\/9860\/revisions\/14289"}],"wp:attachment":[{"href":"https:\/\/simem.com\/it\/wp-json\/wp\/v2\/media?parent=9860"}],"curies":[{"name":"wp","href":"https:\/\/api.w.org\/{rel}","templated":true}]}}